{"id":528,"date":"2017-03-23T12:03:22","date_gmt":"2017-03-23T17:03:22","guid":{"rendered":"https:\/\/www.hastingsirrigation.com\/?page_id=528\/"},"modified":"2021-09-01T16:33:43","modified_gmt":"2021-09-01T21:33:43","slug":"riego-portatil-conjunto-solido","status":"publish","type":"page","link":"https:\/\/www.hastingsirrigation.com\/es\/irrigation\/riego-portatil-conjunto-solido\/","title":{"rendered":"Riego port\u00e1til \/ Conjunto s\u00f3lido"},"content":{"rendered":"<div id=\"pl-528\"  class=\"panel-layout\" ><div id=\"pg-528-0\"  class=\"panel-grid panel-no-style\" ><div id=\"pgc-528-0-0\"  class=\"panel-grid-cell\" ><div id=\"panel-528-0-0-0\" class=\"so-panel widget_black-studio-tinymce widget_black_studio_tinymce panel-first-child\" data-index=\"0\" ><div class=\"textwidget\"><h4>RIEGO PORT\u00c1TIL \/ CONJUNTO S\u00d3LIDO<\/h4>\n<p>Sistemas de riego port\u00e1til son utilizados en campos m\u00e1s peque\u00f1os o de forma irregular. Conjunto s\u00f3lido es una opci\u00f3n de ahorro laboral permanente. Ambos est\u00e1n disponibles desde cualquiera de nuestras instalaciones de producci\u00f3n y puede ser utilizado para una variedad de aplicaciones. Si se utiliza para el riego, protecci\u00f3n contra la congelaci\u00f3n, o la aplicaci\u00f3n de efluentes ricos, tenemos una amplia variedad de opciones de acoplamiento que puede soldarse o presionado a nuestros tubos.<\/p>\n<\/div><\/div><div id=\"panel-528-0-0-1\" class=\"so-panel widget_gallery gallery-widget panel-last-child\" data-index=\"1\" >\t\t\t<div class=\"gallery\">\n\t\t\t\t\t\t\t\t\t<div class=\"gallery-thumbnail\">\n\t\t\t\t\t\t<a href=\"https:\/\/www.hastingsirrigation.com\/wp-content\/uploads\/handmovea.jpg\" class=\"lightbox\" rel=\"gallery-6a0969c8c2df1\"><img decoding=\"async\" src=\"https:\/\/www.hastingsirrigation.com\/wp-content\/uploads\/handmovea-300x169.jpg\"><\/a>\n\t\t\t\t\t<\/div><!-- .gallery-thumbnail -->\n\t\t\t\t\t\t\t\t\t\t<div class=\"gallery-thumbnail\">\n\t\t\t\t\t\t<a href=\"https:\/\/www.hastingsirrigation.com\/wp-content\/uploads\/handmovec.jpg\" class=\"lightbox\" rel=\"gallery-6a0969c8c2df1\"><img decoding=\"async\" src=\"https:\/\/www.hastingsirrigation.com\/wp-content\/uploads\/handmovec-300x169.jpg\"><\/a>\n\t\t\t\t\t<\/div><!-- .gallery-thumbnail -->\n\t\t\t\t\t\t\t\t\t\t<div class=\"gallery-thumbnail\">\n\t\t\t\t\t\t<a href=\"https:\/\/www.hastingsirrigation.com\/wp-content\/uploads\/handmoveb.jpg\" class=\"lightbox\" rel=\"gallery-6a0969c8c2df1\"><img decoding=\"async\" src=\"https:\/\/www.hastingsirrigation.com\/wp-content\/uploads\/handmoveb-300x169.jpg\"><\/a>\n\t\t\t\t\t<\/div><!-- .gallery-thumbnail -->\n\t\t\t\t\t\t\t\t<\/div>\n\t\t\t<\/div><\/div><\/div><\/div>","protected":false},"excerpt":{"rendered":"<p>RIEGO PORT\u00c1TIL \/ CONJUNTO S\u00d3LIDO Sistemas de riego port\u00e1til son utilizados en campos m\u00e1s peque\u00f1os o de forma irregular. Conjunto s\u00f3lido es una opci\u00f3n de ahorro laboral permanente. Ambos est\u00e1n disponibles desde cualquiera de nuestras instalaciones de producci\u00f3n y puede ser utilizado para una variedad de aplicaciones. Si se utiliza para el riego, protecci\u00f3n contra [&hellip;]<\/p>\n","protected":false},"author":1,"featured_media":0,"parent":438,"menu_order":17,"comment_status":"closed","ping_status":"closed","template":"","meta":{"_acf_changed":false,"footnotes":""},"class_list":["post-528","page","type-page","status-publish","hentry"],"acf":[],"yoast_head":"<!-- This site is optimized with the Yoast SEO plugin v25.0 - https:\/\/yoast.com\/wordpress\/plugins\/seo\/ -->\n<title>Riego port\u00e1til \/ Conjunto s\u00f3lido - Hastings Irrigation Pipe Co.<\/title>\n<meta name=\"robots\" content=\"index, follow, max-snippet:-1, max-image-preview:large, max-video-preview:-1\" \/>\n<link rel=\"canonical\" href=\"https:\/\/www.hastingsirrigation.com\/es\/irrigation\/riego-portatil-conjunto-solido\/\" \/>\n<meta property=\"og:locale\" content=\"es_ES\" \/>\n<meta property=\"og:type\" content=\"article\" \/>\n<meta property=\"og:title\" content=\"Riego port\u00e1til \/ Conjunto s\u00f3lido - Hastings Irrigation Pipe Co.\" \/>\n<meta property=\"og:description\" content=\"RIEGO PORT\u00c1TIL \/ CONJUNTO S\u00d3LIDO Sistemas de riego port\u00e1til son utilizados en campos m\u00e1s peque\u00f1os o de forma irregular. Conjunto s\u00f3lido es una opci\u00f3n de ahorro laboral permanente. Ambos est\u00e1n disponibles desde cualquiera de nuestras instalaciones de producci\u00f3n y puede ser utilizado para una variedad de aplicaciones. Si se utiliza para el riego, protecci\u00f3n contra [&hellip;]\" \/>\n<meta property=\"og:url\" content=\"https:\/\/www.hastingsirrigation.com\/es\/irrigation\/riego-portatil-conjunto-solido\/\" \/>\n<meta property=\"og:site_name\" content=\"Hastings Irrigation Pipe Co.\" \/>\n<meta property=\"article:modified_time\" content=\"2021-09-01T21:33:43+00:00\" \/>\n<meta name=\"twitter:card\" content=\"summary_large_image\" \/>\n<meta name=\"twitter:label1\" content=\"Tiempo de lectura\" \/>\n\t<meta name=\"twitter:data1\" content=\"1 minuto\" \/>\n<script type=\"application\/ld+json\" class=\"yoast-schema-graph\">{\"@context\":\"https:\/\/schema.org\",\"@graph\":[{\"@type\":\"WebPage\",\"@id\":\"https:\/\/www.hastingsirrigation.com\/es\/irrigation\/riego-portatil-conjunto-solido\/\",\"url\":\"https:\/\/www.hastingsirrigation.com\/es\/irrigation\/riego-portatil-conjunto-solido\/\",\"name\":\"Riego port\u00e1til \/ Conjunto s\u00f3lido - Hastings Irrigation Pipe Co.\",\"isPartOf\":{\"@id\":\"https:\/\/www.hastingsirrigation.com\/#website\"},\"datePublished\":\"2017-03-23T17:03:22+00:00\",\"dateModified\":\"2021-09-01T21:33:43+00:00\",\"breadcrumb\":{\"@id\":\"https:\/\/www.hastingsirrigation.com\/es\/irrigation\/riego-portatil-conjunto-solido\/#breadcrumb\"},\"inLanguage\":\"es\",\"potentialAction\":[{\"@type\":\"ReadAction\",\"target\":[\"https:\/\/www.hastingsirrigation.com\/es\/irrigation\/riego-portatil-conjunto-solido\/\"]}]},{\"@type\":\"BreadcrumbList\",\"@id\":\"https:\/\/www.hastingsirrigation.com\/es\/irrigation\/riego-portatil-conjunto-solido\/#breadcrumb\",\"itemListElement\":[{\"@type\":\"ListItem\",\"position\":1,\"name\":\"Home\",\"item\":\"https:\/\/www.hastingsirrigation.com\/es\/\"},{\"@type\":\"ListItem\",\"position\":2,\"name\":\"Riego\",\"item\":\"https:\/\/www.hastingsirrigation.com\/es\/irrigation\/dragline\/\"},{\"@type\":\"ListItem\",\"position\":3,\"name\":\"Riego port\u00e1til \/ Conjunto s\u00f3lido\"}]},{\"@type\":\"WebSite\",\"@id\":\"https:\/\/www.hastingsirrigation.com\/#website\",\"url\":\"https:\/\/www.hastingsirrigation.com\/\",\"name\":\"Hastings Irrigation Pipe Co.\",\"description\":\"\",\"potentialAction\":[{\"@type\":\"SearchAction\",\"target\":{\"@type\":\"EntryPoint\",\"urlTemplate\":\"https:\/\/www.hastingsirrigation.com\/?s={search_term_string}\"},\"query-input\":{\"@type\":\"PropertyValueSpecification\",\"valueRequired\":true,\"valueName\":\"search_term_string\"}}],\"inLanguage\":\"es\"}]}<\/script>\n<!-- \/ Yoast SEO plugin. -->","yoast_head_json":{"title":"Riego port\u00e1til \/ Conjunto s\u00f3lido - Hastings Irrigation Pipe Co.","robots":{"index":"index","follow":"follow","max-snippet":"max-snippet:-1","max-image-preview":"max-image-preview:large","max-video-preview":"max-video-preview:-1"},"canonical":"https:\/\/www.hastingsirrigation.com\/es\/irrigation\/riego-portatil-conjunto-solido\/","og_locale":"es_ES","og_type":"article","og_title":"Riego port\u00e1til \/ Conjunto s\u00f3lido - Hastings Irrigation Pipe Co.","og_description":"RIEGO PORT\u00c1TIL \/ CONJUNTO S\u00d3LIDO Sistemas de riego port\u00e1til son utilizados en campos m\u00e1s peque\u00f1os o de forma irregular. Conjunto s\u00f3lido es una opci\u00f3n de ahorro laboral permanente. Ambos est\u00e1n disponibles desde cualquiera de nuestras instalaciones de producci\u00f3n y puede ser utilizado para una variedad de aplicaciones. Si se utiliza para el riego, protecci\u00f3n contra [&hellip;]","og_url":"https:\/\/www.hastingsirrigation.com\/es\/irrigation\/riego-portatil-conjunto-solido\/","og_site_name":"Hastings Irrigation Pipe Co.","article_modified_time":"2021-09-01T21:33:43+00:00","twitter_card":"summary_large_image","twitter_misc":{"Tiempo de lectura":"1 minuto"},"schema":{"@context":"https:\/\/schema.org","@graph":[{"@type":"WebPage","@id":"https:\/\/www.hastingsirrigation.com\/es\/irrigation\/riego-portatil-conjunto-solido\/","url":"https:\/\/www.hastingsirrigation.com\/es\/irrigation\/riego-portatil-conjunto-solido\/","name":"Riego port\u00e1til \/ Conjunto s\u00f3lido - Hastings Irrigation Pipe Co.","isPartOf":{"@id":"https:\/\/www.hastingsirrigation.com\/#website"},"datePublished":"2017-03-23T17:03:22+00:00","dateModified":"2021-09-01T21:33:43+00:00","breadcrumb":{"@id":"https:\/\/www.hastingsirrigation.com\/es\/irrigation\/riego-portatil-conjunto-solido\/#breadcrumb"},"inLanguage":"es","potentialAction":[{"@type":"ReadAction","target":["https:\/\/www.hastingsirrigation.com\/es\/irrigation\/riego-portatil-conjunto-solido\/"]}]},{"@type":"BreadcrumbList","@id":"https:\/\/www.hastingsirrigation.com\/es\/irrigation\/riego-portatil-conjunto-solido\/#breadcrumb","itemListElement":[{"@type":"ListItem","position":1,"name":"Home","item":"https:\/\/www.hastingsirrigation.com\/es\/"},{"@type":"ListItem","position":2,"name":"Riego","item":"https:\/\/www.hastingsirrigation.com\/es\/irrigation\/dragline\/"},{"@type":"ListItem","position":3,"name":"Riego port\u00e1til \/ Conjunto s\u00f3lido"}]},{"@type":"WebSite","@id":"https:\/\/www.hastingsirrigation.com\/#website","url":"https:\/\/www.hastingsirrigation.com\/","name":"Hastings Irrigation Pipe Co.","description":"","potentialAction":[{"@type":"SearchAction","target":{"@type":"EntryPoint","urlTemplate":"https:\/\/www.hastingsirrigation.com\/?s={search_term_string}"},"query-input":{"@type":"PropertyValueSpecification","valueRequired":true,"valueName":"search_term_string"}}],"inLanguage":"es"}]}},"_links":{"self":[{"href":"https:\/\/www.hastingsirrigation.com\/es\/wp-json\/wp\/v2\/pages\/528","targetHints":{"allow":["GET"]}}],"collection":[{"href":"https:\/\/www.hastingsirrigation.com\/es\/wp-json\/wp\/v2\/pages"}],"about":[{"href":"https:\/\/www.hastingsirrigation.com\/es\/wp-json\/wp\/v2\/types\/page"}],"author":[{"embeddable":true,"href":"https:\/\/www.hastingsirrigation.com\/es\/wp-json\/wp\/v2\/users\/1"}],"replies":[{"embeddable":true,"href":"https:\/\/www.hastingsirrigation.com\/es\/wp-json\/wp\/v2\/comments?post=528"}],"version-history":[{"count":4,"href":"https:\/\/www.hastingsirrigation.com\/es\/wp-json\/wp\/v2\/pages\/528\/revisions"}],"predecessor-version":[{"id":1574,"href":"https:\/\/www.hastingsirrigation.com\/es\/wp-json\/wp\/v2\/pages\/528\/revisions\/1574"}],"up":[{"embeddable":true,"href":"https:\/\/www.hastingsirrigation.com\/es\/wp-json\/wp\/v2\/pages\/438"}],"wp:attachment":[{"href":"https:\/\/www.hastingsirrigation.com\/es\/wp-json\/wp\/v2\/media?parent=528"}],"curies":[{"name":"wp","href":"https:\/\/api.w.org\/{rel}","templated":true}]}}