{"id":457,"date":"2017-02-08T14:32:24","date_gmt":"2017-02-08T20:32:24","guid":{"rendered":"https:\/\/www.hastingsirrigation.com\/?page_id=457\/"},"modified":"2017-03-23T12:19:43","modified_gmt":"2017-03-23T17:19:43","slug":"overview","status":"publish","type":"page","link":"https:\/\/www.hastingsirrigation.com\/es\/services-and-equipment\/overview\/","title":{"rendered":"Descripci\u00f3n general"},"content":{"rendered":"<h3>SERVICIOS<\/h3>\n<p><strong>PLANIFICACI\u00d3N:<\/strong> Nuestro equipo de ingenieros est\u00e1 probada. El estado del arte en molinos de tubo utilizado en nuestra planta de fabricaci\u00f3n son prueba de las aptitudes imaginativas de nuestra divisi\u00f3n de ingenier\u00eda. Ning\u00fan problema es demasiado dif\u00edcil para nuestros ingenieros para resolver. Tomando un concepto de modelo de prototipo al producto terminado es la manera de Hastings!<\/p>\n<p><strong>COSTO:<\/strong> Nosotros en Hastings Irrigation Pipe Company tenemos la experiencia necesaria para cualquier trabajo de precios competitivos. Si es un prototipo o un \u00e1rea espec\u00edfica de la fabricaci\u00f3n. Y podemos hacerlo de forma r\u00e1pida y precisa, pero sin renunciar a los est\u00e1ndares de calidad necesarios para su producto. Peque\u00f1as o grandes cantidades nunca son un problema, ya que tenemos la experiencia y las instalaciones para hacerlo todo!<\/p>\n<p><strong>PROTOTIPO:<\/strong> Nuestro departamento de fabricaci\u00f3n ha producido tanto a corto como a misa se ejecuta de productos especializados para satisfacer las demandas nacionales e internacionales. Muchos de estos productos eran prototipo en Hastings Irrigation Pipe Compnay y nuestros clientes han encontrado nuestra capacidad m\u00e1s que suficiente. Damos la bienvenida a cualquier prototipo de trabajo, ya sean sencillos o complicados, acaba de darnos sus especificaciones.<\/p>\n<p><strong>PRODUCCI\u00d3N:<\/strong> La divisi\u00f3n de fabricaci\u00f3n de Hastings es un ejemplo de producci\u00f3n en masa construida alrededor de los \u00faltimos m\u00e9todos de automatizaci\u00f3n en la fabricaci\u00f3n, manipulaci\u00f3n y control de calidad. Tenemos 60 a\u00f1os de Saber-c\u00f3mo y la dedicaci\u00f3n a la producci\u00f3n de productos finos &#8211; llevemos este mismo Saber-c\u00f3mo y la dedicaci\u00f3n a su propia empresa.<\/p>\n<p><strong>RECUBRIMIENTO DE POLVO:<\/strong> Nuestro departamento de recubrimiento en polvo fue construido personalizado para manejar cualquier trabajo, grande o peque\u00f1o. Hemos automatizado muchos de los procesos de recubrimiento en polvo para traer los mejores productos de calidad.<\/p>\n<p><strong>ENTREGA:<\/strong> Con un pedido de Hastings Irrigation Pipe Company, entregas justo-a-tiempo se puede contar. Tenemos nuestra propia flota de camiones de \u00faltimo modelo de tractores y una gran variedad de remolques, lo que nos permite transportar su pedido, independientemente de su tama\u00f1o, sin ning\u00fan da\u00f1o, en cualquier lugar. Satisfacer sus necesidades de entrega es tan importante para nosotros como su orden original &#8211; p\u00f3nganos a prueba y ver\u00e1s lo que queremos decir.<\/p>\n<h3>CAPACIDADES<\/h3>\n<p>Hastings Irrigation Pipe Company ha dise\u00f1ado y fabricado desde sistemas meteorol\u00f3gicos para I.D. tubos conductos y c\u00fapulas geod\u00e9sicas para usos industriales. Otros logros incluyen puerta semi-automatizado punzonadoras, dise\u00f1o y fabricaci\u00f3n de controles electr\u00f3nicos para la automatizaci\u00f3n de la producci\u00f3n y maquinaria autom\u00e1tica y equipos de manipulaci\u00f3n. As\u00ed que claramente tenemos la mano de obra, equipo, instalaciones y superficie para fabricar componentes para cada proyecto imaginable. Probablemente el mayor ejemplo de nuestras capacidades de fabricaci\u00f3n de metal es el estado del arte en molinos de tubo utilizado en nuestra propia planta.<\/p>\n<p>Durante a\u00f1os, los dise\u00f1adores industriales reflexionaron sobre los problemas de dise\u00f1o de una sola pieza de equipo que tomar\u00eda aluminio plano, forma-de-rollo y forma en una secci\u00f3n redondeada perfectamente de tubo de riego, soldar y cortar con precisi\u00f3n en las longitudes espec\u00edficas.<\/p>\n<p>Hastings Irrigation Pipe Company fue uno de los primeros en resolver los problemas y poner este tipo de equipamiento en la producci\u00f3n en masa. Hoy, Hastings contin\u00faa con la construcci\u00f3n de estos complejos molinos de tubo para otros fabricantes a lo largo de los Estados Unidos.<\/p>\n<p>La divisi\u00f3n de herramienta y matrices construyeron los 12 molinos del tubo utilizado para producir tubos de aluminio que van desde 2&#8243; a 12&#8243; de di\u00e1metro en longitudes de hasta 50 pies. Nuestra herramienta y matrices personal son expertos en la fabricaci\u00f3n de acero y hierro, as\u00ed como m\u00e1quinas de herramientas, del tratamiento t\u00e9rmico y fabricaci\u00f3n del modelo. Nuestro taller general de la m\u00e1quina incluye molinos, tornos, forjadores, cepilladoras, rectificadoras y m\u00e1s.<\/p>\n<h3>EQUIPO<\/h3>\n<ul>\n<li>Molinos de tubo &#8211; 3&#8243;, 4&#8243;, 5&#8243;, 6&#8243;, 7&#8243;, 8&#8243;, 9&#8243;, 10&#8243;, 12&#8243; O.D. (Di\u00e1metro exterior) productora de aluminio y cobre (algunos I.D. (Di\u00e1metro interior) tama\u00f1os est\u00e1n tambi\u00e9n disponibles para usos industriales)<\/li>\n<li>Shears &#8211; capabilities up to 3\/8&#8243; x 14&#8242;<\/li>\n<li>Punzonado de torreta CNC &#8211; hasta 33 ton.<\/li>\n<li>Prensas de perforaci\u00f3n &#8211; hasta 200 ton.<\/li>\n<li>Los trabajadores de hierro &#8211; hasta 100 ton.<\/li>\n<li>Pista punzonado y entallar<\/li>\n<li>Frenos de prensa &#8211; 6&#8242; a 14&#8242;, hasta 320 ton, medici\u00f3n autom\u00e1tica<\/li>\n<li>Taladros &#8211; \u00fanicas y m\u00faltiples unidades de husillo<\/li>\n<li>Plasma y Oxicorte &#8211; 2&#8243;<\/li>\n<li>Robots de soldadura<\/li>\n<li>Las operaciones de soldadura MIG &#8211; aluminio, acero inoxidable y aceros dulces<\/li>\n<li>Las operaciones de soldadura TIG &#8211; aluminio, acero inoxidable y aceros dulces<\/li>\n<li>Punto de soldadura &#8211; 30 a 175 KVA.<\/li>\n<li>Cable para soldar a tope &#8211; 3\/8&#8243; dia.<\/li>\n<li>Fundici\u00f3n de aluminio, arena y molde permanente &#8211; m\u00e1quinas de n\u00facleo, m\u00e1quinas de moldeo por compresi\u00f3n autom\u00e1tica, m\u00e1quinas de fundici\u00f3n en molde permanente<\/li>\n<li>Instalaciones de Herramientas y Matrices &#8211; m\u00e1quinas de herramientas, tratamiento t\u00e9rmico, patr\u00f3n haciendo, utillaje y accesorios para todos los productos, incluido el cable invenciones<\/li>\n<li>Acabado de pintura en polvo &#8211; lavado qu\u00edmico y tratamiento hasta 9 etapas, capacidades multi color para grandes y peque\u00f1as piezas.<\/li>\n<li>X-Y Tabla de Plasma &#8211; 108&#8243; X 31&#8243;<\/li>\n<\/ul>\n<p><strong>Mantenemos una amplia variedad de metales en stock en todo momento:<\/strong><\/p>\n<ul>\n<li>L\u00e1minas de aluminio &#8211; de .023 a 0.375 gruesas hasta 102&#8243; de ancho.<\/li>\n<li>Formas de aluminio &#8211; Canales, barras s\u00f3lidas, I-vigas, tubos cuadrados y redondos<\/li>\n<li>Acero inoxidable \u2013 Calibre 26 a calibre 12 de grueso, de hasta 48&#8243; de ancho.<\/li>\n<li>Las formas de acero inoxidable &#8211; barra plana, tubo redondo<\/li>\n<li>Acero templado &#8211; la mayor\u00eda de todas las formas est\u00e1ndar y espesor<\/li>\n<\/ul>\n<p>Adem\u00e1s, nuestra fundici\u00f3n es capaz de convertir cualquier pieza que necesite. La fundici\u00f3n tiene la capacidad para fundir 1500 libras de metal por hora. Por lo tanto, si necesita un espol\u00f3n de 1 oz. de la arandela o 384 libras de formaci\u00f3n de matrices, nuestra fundici\u00f3n puede encargarse de ello.<\/p>\n","protected":false},"excerpt":{"rendered":"<p>SERVICIOS PLANIFICACI\u00d3N: Nuestro equipo de ingenieros est\u00e1 probada. El estado del arte en molinos de tubo utilizado en nuestra planta de fabricaci\u00f3n son prueba de las aptitudes imaginativas de nuestra divisi\u00f3n de ingenier\u00eda. Ning\u00fan problema es demasiado dif\u00edcil para nuestros ingenieros para resolver. Tomando un concepto de modelo de prototipo al producto terminado es la [&hellip;]<\/p>\n","protected":false},"author":1,"featured_media":0,"parent":436,"menu_order":5,"comment_status":"closed","ping_status":"closed","template":"","meta":{"_acf_changed":false,"footnotes":""},"class_list":["post-457","page","type-page","status-publish","hentry"],"acf":[],"yoast_head":"<!-- This site is optimized with the Yoast SEO plugin v25.0 - https:\/\/yoast.com\/wordpress\/plugins\/seo\/ -->\n<title>Descripci\u00f3n general - Hastings Irrigation Pipe Co.<\/title>\n<meta name=\"robots\" content=\"index, follow, max-snippet:-1, max-image-preview:large, max-video-preview:-1\" \/>\n<link rel=\"canonical\" href=\"https:\/\/www.hastingsirrigation.com\/es\/services-and-equipment\/overview\/\" \/>\n<meta property=\"og:locale\" content=\"es_ES\" \/>\n<meta property=\"og:type\" content=\"article\" \/>\n<meta property=\"og:title\" content=\"Descripci\u00f3n general - Hastings Irrigation Pipe Co.\" \/>\n<meta property=\"og:description\" content=\"SERVICIOS PLANIFICACI\u00d3N: Nuestro equipo de ingenieros est\u00e1 probada. El estado del arte en molinos de tubo utilizado en nuestra planta de fabricaci\u00f3n son prueba de las aptitudes imaginativas de nuestra divisi\u00f3n de ingenier\u00eda. Ning\u00fan problema es demasiado dif\u00edcil para nuestros ingenieros para resolver. Tomando un concepto de modelo de prototipo al producto terminado es la [&hellip;]\" \/>\n<meta property=\"og:url\" content=\"https:\/\/www.hastingsirrigation.com\/es\/services-and-equipment\/overview\/\" \/>\n<meta property=\"og:site_name\" content=\"Hastings Irrigation Pipe Co.\" \/>\n<meta property=\"article:modified_time\" content=\"2017-03-23T17:19:43+00:00\" \/>\n<meta name=\"twitter:card\" content=\"summary_large_image\" \/>\n<meta name=\"twitter:label1\" content=\"Tiempo de lectura\" \/>\n\t<meta name=\"twitter:data1\" content=\"5 minutos\" \/>\n<script type=\"application\/ld+json\" class=\"yoast-schema-graph\">{\"@context\":\"https:\/\/schema.org\",\"@graph\":[{\"@type\":\"WebPage\",\"@id\":\"https:\/\/www.hastingsirrigation.com\/es\/services-and-equipment\/overview\/\",\"url\":\"https:\/\/www.hastingsirrigation.com\/es\/services-and-equipment\/overview\/\",\"name\":\"Descripci\u00f3n general - Hastings Irrigation Pipe Co.\",\"isPartOf\":{\"@id\":\"https:\/\/www.hastingsirrigation.com\/#website\"},\"datePublished\":\"2017-02-08T20:32:24+00:00\",\"dateModified\":\"2017-03-23T17:19:43+00:00\",\"breadcrumb\":{\"@id\":\"https:\/\/www.hastingsirrigation.com\/es\/services-and-equipment\/overview\/#breadcrumb\"},\"inLanguage\":\"es\",\"potentialAction\":[{\"@type\":\"ReadAction\",\"target\":[\"https:\/\/www.hastingsirrigation.com\/es\/services-and-equipment\/overview\/\"]}]},{\"@type\":\"BreadcrumbList\",\"@id\":\"https:\/\/www.hastingsirrigation.com\/es\/services-and-equipment\/overview\/#breadcrumb\",\"itemListElement\":[{\"@type\":\"ListItem\",\"position\":1,\"name\":\"Home\",\"item\":\"https:\/\/www.hastingsirrigation.com\/es\/\"},{\"@type\":\"ListItem\",\"position\":2,\"name\":\"Servicios y equipos\",\"item\":\"https:\/\/www.hastingsirrigation.com\/es\/services-and-equipment\/\"},{\"@type\":\"ListItem\",\"position\":3,\"name\":\"Descripci\u00f3n general\"}]},{\"@type\":\"WebSite\",\"@id\":\"https:\/\/www.hastingsirrigation.com\/#website\",\"url\":\"https:\/\/www.hastingsirrigation.com\/\",\"name\":\"Hastings Irrigation Pipe Co.\",\"description\":\"\",\"potentialAction\":[{\"@type\":\"SearchAction\",\"target\":{\"@type\":\"EntryPoint\",\"urlTemplate\":\"https:\/\/www.hastingsirrigation.com\/?s={search_term_string}\"},\"query-input\":{\"@type\":\"PropertyValueSpecification\",\"valueRequired\":true,\"valueName\":\"search_term_string\"}}],\"inLanguage\":\"es\"}]}<\/script>\n<!-- \/ Yoast SEO plugin. -->","yoast_head_json":{"title":"Descripci\u00f3n general - Hastings Irrigation Pipe Co.","robots":{"index":"index","follow":"follow","max-snippet":"max-snippet:-1","max-image-preview":"max-image-preview:large","max-video-preview":"max-video-preview:-1"},"canonical":"https:\/\/www.hastingsirrigation.com\/es\/services-and-equipment\/overview\/","og_locale":"es_ES","og_type":"article","og_title":"Descripci\u00f3n general - Hastings Irrigation Pipe Co.","og_description":"SERVICIOS PLANIFICACI\u00d3N: Nuestro equipo de ingenieros est\u00e1 probada. El estado del arte en molinos de tubo utilizado en nuestra planta de fabricaci\u00f3n son prueba de las aptitudes imaginativas de nuestra divisi\u00f3n de ingenier\u00eda. Ning\u00fan problema es demasiado dif\u00edcil para nuestros ingenieros para resolver. Tomando un concepto de modelo de prototipo al producto terminado es la [&hellip;]","og_url":"https:\/\/www.hastingsirrigation.com\/es\/services-and-equipment\/overview\/","og_site_name":"Hastings Irrigation Pipe Co.","article_modified_time":"2017-03-23T17:19:43+00:00","twitter_card":"summary_large_image","twitter_misc":{"Tiempo de lectura":"5 minutos"},"schema":{"@context":"https:\/\/schema.org","@graph":[{"@type":"WebPage","@id":"https:\/\/www.hastingsirrigation.com\/es\/services-and-equipment\/overview\/","url":"https:\/\/www.hastingsirrigation.com\/es\/services-and-equipment\/overview\/","name":"Descripci\u00f3n general - Hastings Irrigation Pipe Co.","isPartOf":{"@id":"https:\/\/www.hastingsirrigation.com\/#website"},"datePublished":"2017-02-08T20:32:24+00:00","dateModified":"2017-03-23T17:19:43+00:00","breadcrumb":{"@id":"https:\/\/www.hastingsirrigation.com\/es\/services-and-equipment\/overview\/#breadcrumb"},"inLanguage":"es","potentialAction":[{"@type":"ReadAction","target":["https:\/\/www.hastingsirrigation.com\/es\/services-and-equipment\/overview\/"]}]},{"@type":"BreadcrumbList","@id":"https:\/\/www.hastingsirrigation.com\/es\/services-and-equipment\/overview\/#breadcrumb","itemListElement":[{"@type":"ListItem","position":1,"name":"Home","item":"https:\/\/www.hastingsirrigation.com\/es\/"},{"@type":"ListItem","position":2,"name":"Servicios y equipos","item":"https:\/\/www.hastingsirrigation.com\/es\/services-and-equipment\/"},{"@type":"ListItem","position":3,"name":"Descripci\u00f3n general"}]},{"@type":"WebSite","@id":"https:\/\/www.hastingsirrigation.com\/#website","url":"https:\/\/www.hastingsirrigation.com\/","name":"Hastings Irrigation Pipe Co.","description":"","potentialAction":[{"@type":"SearchAction","target":{"@type":"EntryPoint","urlTemplate":"https:\/\/www.hastingsirrigation.com\/?s={search_term_string}"},"query-input":{"@type":"PropertyValueSpecification","valueRequired":true,"valueName":"search_term_string"}}],"inLanguage":"es"}]}},"_links":{"self":[{"href":"https:\/\/www.hastingsirrigation.com\/es\/wp-json\/wp\/v2\/pages\/457","targetHints":{"allow":["GET"]}}],"collection":[{"href":"https:\/\/www.hastingsirrigation.com\/es\/wp-json\/wp\/v2\/pages"}],"about":[{"href":"https:\/\/www.hastingsirrigation.com\/es\/wp-json\/wp\/v2\/types\/page"}],"author":[{"embeddable":true,"href":"https:\/\/www.hastingsirrigation.com\/es\/wp-json\/wp\/v2\/users\/1"}],"replies":[{"embeddable":true,"href":"https:\/\/www.hastingsirrigation.com\/es\/wp-json\/wp\/v2\/comments?post=457"}],"version-history":[{"count":3,"href":"https:\/\/www.hastingsirrigation.com\/es\/wp-json\/wp\/v2\/pages\/457\/revisions"}],"predecessor-version":[{"id":550,"href":"https:\/\/www.hastingsirrigation.com\/es\/wp-json\/wp\/v2\/pages\/457\/revisions\/550"}],"up":[{"embeddable":true,"href":"https:\/\/www.hastingsirrigation.com\/es\/wp-json\/wp\/v2\/pages\/436"}],"wp:attachment":[{"href":"https:\/\/www.hastingsirrigation.com\/es\/wp-json\/wp\/v2\/media?parent=457"}],"curies":[{"name":"wp","href":"https:\/\/api.w.org\/{rel}","templated":true}]}}