{"id":454,"date":"2017-02-08T14:14:33","date_gmt":"2017-02-08T20:14:33","guid":{"rendered":"https:\/\/www.hastingsirrigation.com\/?page_id=454\/"},"modified":"2017-03-23T12:10:26","modified_gmt":"2017-03-23T17:10:26","slug":"chutarse","status":"publish","type":"page","link":"https:\/\/www.hastingsirrigation.com\/es\/irrigation\/chutarse\/","title":{"rendered":"L\u00ednea principal"},"content":{"rendered":"<h4 class=\"no-bottom-margin\">ALTA PRESI\u00d3N DE LA TUBER\u00cdA PRINCIPAL<\/h4>\n<p>Con soldado<br \/>\nAcople de anillo o acople de gancho<\/p>\n<p>Proporcionarle la m\u00e1s amplia gama de alta presi\u00f3n del tubo de riego l\u00ednea principal tama\u00f1os disponibles de cualquier fabricante.<br \/>\n<strong>4&#8243;, 5&#8243;, 6&#8243;, 8&#8243;, 10&#8243; y 12&#8243; Tama\u00f1os de Tubos<\/strong><\/p>\n<p><strong>LA M\u00c1S AMPLIA SELECCI\u00d3N QUE RESPONDE EXACTAMENTE A LAS NECESIDADES DE LA PRINCIPAL L\u00cdNEA DE TUBER\u00cdAS PARA M\u00c1S EFICIENCIA EN:<\/strong><\/p>\n<ul>\n<li>AGUA<\/li>\n<li>ENERG\u00cdA<\/li>\n<li>SELECCI\u00d3N Y OPERACI\u00d3N DE EQUIPO<\/li>\n<\/ul>\n<p>Ideal para utilizar con todos los tipos de sistemas de riego, incluyendo los pivotes centrales, rociadores grandes ca\u00f1ones y sistemas de viajero, riego port\u00e1til y movimientos mec\u00e1nicos.<\/p>\n<p><strong>TAMBI\u00c9N CON MUCHAS APLICACIONES INDUSTRIALES<\/strong><\/p>\n<ul>\n<li>Un acoplador m\u00e1s pesado de casting para m\u00e1xima resistencia, especialmente en la zona de soldadura.<\/li>\n<li>360\u00b0 anillo Camlock para f\u00e1cil montaje\/desmontaje.<\/li>\n<li>Presi\u00f3n equipado con empaquetaduras<\/li>\n<\/ul>\n","protected":false},"excerpt":{"rendered":"<p>ALTA PRESI\u00d3N DE LA TUBER\u00cdA PRINCIPAL Con soldado Acople de anillo o acople de gancho Proporcionarle la m\u00e1s amplia gama de alta presi\u00f3n del tubo de riego l\u00ednea principal tama\u00f1os disponibles de cualquier fabricante. 4&#8243;, 5&#8243;, 6&#8243;, 8&#8243;, 10&#8243; y 12&#8243; Tama\u00f1os de Tubos LA M\u00c1S AMPLIA SELECCI\u00d3N QUE RESPONDE EXACTAMENTE A LAS NECESIDADES DE [&hellip;]<\/p>\n","protected":false},"author":1,"featured_media":0,"parent":438,"menu_order":14,"comment_status":"closed","ping_status":"closed","template":"","meta":{"_acf_changed":false,"footnotes":""},"class_list":["post-454","page","type-page","status-publish","hentry"],"acf":[],"yoast_head":"<!-- This site is optimized with the Yoast SEO plugin v25.0 - https:\/\/yoast.com\/wordpress\/plugins\/seo\/ -->\n<title>L\u00ednea principal - Hastings Irrigation Pipe Co.<\/title>\n<meta name=\"robots\" content=\"index, follow, max-snippet:-1, max-image-preview:large, max-video-preview:-1\" \/>\n<link rel=\"canonical\" href=\"https:\/\/www.hastingsirrigation.com\/es\/irrigation\/chutarse\/\" \/>\n<meta property=\"og:locale\" content=\"es_ES\" \/>\n<meta property=\"og:type\" content=\"article\" \/>\n<meta property=\"og:title\" content=\"L\u00ednea principal - Hastings Irrigation Pipe Co.\" \/>\n<meta property=\"og:description\" content=\"ALTA PRESI\u00d3N DE LA TUBER\u00cdA PRINCIPAL Con soldado Acople de anillo o acople de gancho Proporcionarle la m\u00e1s amplia gama de alta presi\u00f3n del tubo de riego l\u00ednea principal tama\u00f1os disponibles de cualquier fabricante. 4&#8243;, 5&#8243;, 6&#8243;, 8&#8243;, 10&#8243; y 12&#8243; Tama\u00f1os de Tubos LA M\u00c1S AMPLIA SELECCI\u00d3N QUE RESPONDE EXACTAMENTE A LAS NECESIDADES DE [&hellip;]\" \/>\n<meta property=\"og:url\" content=\"https:\/\/www.hastingsirrigation.com\/es\/irrigation\/chutarse\/\" \/>\n<meta property=\"og:site_name\" content=\"Hastings Irrigation Pipe Co.\" \/>\n<meta property=\"article:modified_time\" content=\"2017-03-23T17:10:26+00:00\" \/>\n<meta name=\"twitter:card\" content=\"summary_large_image\" \/>\n<meta name=\"twitter:label1\" content=\"Tiempo de lectura\" \/>\n\t<meta name=\"twitter:data1\" content=\"1 minuto\" \/>\n<script type=\"application\/ld+json\" class=\"yoast-schema-graph\">{\"@context\":\"https:\/\/schema.org\",\"@graph\":[{\"@type\":\"WebPage\",\"@id\":\"https:\/\/www.hastingsirrigation.com\/es\/irrigation\/chutarse\/\",\"url\":\"https:\/\/www.hastingsirrigation.com\/es\/irrigation\/chutarse\/\",\"name\":\"L\u00ednea principal - Hastings Irrigation Pipe Co.\",\"isPartOf\":{\"@id\":\"https:\/\/www.hastingsirrigation.com\/#website\"},\"datePublished\":\"2017-02-08T20:14:33+00:00\",\"dateModified\":\"2017-03-23T17:10:26+00:00\",\"breadcrumb\":{\"@id\":\"https:\/\/www.hastingsirrigation.com\/es\/irrigation\/chutarse\/#breadcrumb\"},\"inLanguage\":\"es\",\"potentialAction\":[{\"@type\":\"ReadAction\",\"target\":[\"https:\/\/www.hastingsirrigation.com\/es\/irrigation\/chutarse\/\"]}]},{\"@type\":\"BreadcrumbList\",\"@id\":\"https:\/\/www.hastingsirrigation.com\/es\/irrigation\/chutarse\/#breadcrumb\",\"itemListElement\":[{\"@type\":\"ListItem\",\"position\":1,\"name\":\"Home\",\"item\":\"https:\/\/www.hastingsirrigation.com\/es\/\"},{\"@type\":\"ListItem\",\"position\":2,\"name\":\"Riego\",\"item\":\"https:\/\/www.hastingsirrigation.com\/es\/irrigation\/dragline\/\"},{\"@type\":\"ListItem\",\"position\":3,\"name\":\"L\u00ednea principal\"}]},{\"@type\":\"WebSite\",\"@id\":\"https:\/\/www.hastingsirrigation.com\/#website\",\"url\":\"https:\/\/www.hastingsirrigation.com\/\",\"name\":\"Hastings Irrigation Pipe Co.\",\"description\":\"\",\"potentialAction\":[{\"@type\":\"SearchAction\",\"target\":{\"@type\":\"EntryPoint\",\"urlTemplate\":\"https:\/\/www.hastingsirrigation.com\/?s={search_term_string}\"},\"query-input\":{\"@type\":\"PropertyValueSpecification\",\"valueRequired\":true,\"valueName\":\"search_term_string\"}}],\"inLanguage\":\"es\"}]}<\/script>\n<!-- \/ Yoast SEO plugin. -->","yoast_head_json":{"title":"L\u00ednea principal - Hastings Irrigation Pipe Co.","robots":{"index":"index","follow":"follow","max-snippet":"max-snippet:-1","max-image-preview":"max-image-preview:large","max-video-preview":"max-video-preview:-1"},"canonical":"https:\/\/www.hastingsirrigation.com\/es\/irrigation\/chutarse\/","og_locale":"es_ES","og_type":"article","og_title":"L\u00ednea principal - Hastings Irrigation Pipe Co.","og_description":"ALTA PRESI\u00d3N DE LA TUBER\u00cdA PRINCIPAL Con soldado Acople de anillo o acople de gancho Proporcionarle la m\u00e1s amplia gama de alta presi\u00f3n del tubo de riego l\u00ednea principal tama\u00f1os disponibles de cualquier fabricante. 4&#8243;, 5&#8243;, 6&#8243;, 8&#8243;, 10&#8243; y 12&#8243; Tama\u00f1os de Tubos LA M\u00c1S AMPLIA SELECCI\u00d3N QUE RESPONDE EXACTAMENTE A LAS NECESIDADES DE [&hellip;]","og_url":"https:\/\/www.hastingsirrigation.com\/es\/irrigation\/chutarse\/","og_site_name":"Hastings Irrigation Pipe Co.","article_modified_time":"2017-03-23T17:10:26+00:00","twitter_card":"summary_large_image","twitter_misc":{"Tiempo de lectura":"1 minuto"},"schema":{"@context":"https:\/\/schema.org","@graph":[{"@type":"WebPage","@id":"https:\/\/www.hastingsirrigation.com\/es\/irrigation\/chutarse\/","url":"https:\/\/www.hastingsirrigation.com\/es\/irrigation\/chutarse\/","name":"L\u00ednea principal - Hastings Irrigation Pipe Co.","isPartOf":{"@id":"https:\/\/www.hastingsirrigation.com\/#website"},"datePublished":"2017-02-08T20:14:33+00:00","dateModified":"2017-03-23T17:10:26+00:00","breadcrumb":{"@id":"https:\/\/www.hastingsirrigation.com\/es\/irrigation\/chutarse\/#breadcrumb"},"inLanguage":"es","potentialAction":[{"@type":"ReadAction","target":["https:\/\/www.hastingsirrigation.com\/es\/irrigation\/chutarse\/"]}]},{"@type":"BreadcrumbList","@id":"https:\/\/www.hastingsirrigation.com\/es\/irrigation\/chutarse\/#breadcrumb","itemListElement":[{"@type":"ListItem","position":1,"name":"Home","item":"https:\/\/www.hastingsirrigation.com\/es\/"},{"@type":"ListItem","position":2,"name":"Riego","item":"https:\/\/www.hastingsirrigation.com\/es\/irrigation\/dragline\/"},{"@type":"ListItem","position":3,"name":"L\u00ednea principal"}]},{"@type":"WebSite","@id":"https:\/\/www.hastingsirrigation.com\/#website","url":"https:\/\/www.hastingsirrigation.com\/","name":"Hastings Irrigation Pipe Co.","description":"","potentialAction":[{"@type":"SearchAction","target":{"@type":"EntryPoint","urlTemplate":"https:\/\/www.hastingsirrigation.com\/?s={search_term_string}"},"query-input":{"@type":"PropertyValueSpecification","valueRequired":true,"valueName":"search_term_string"}}],"inLanguage":"es"}]}},"_links":{"self":[{"href":"https:\/\/www.hastingsirrigation.com\/es\/wp-json\/wp\/v2\/pages\/454","targetHints":{"allow":["GET"]}}],"collection":[{"href":"https:\/\/www.hastingsirrigation.com\/es\/wp-json\/wp\/v2\/pages"}],"about":[{"href":"https:\/\/www.hastingsirrigation.com\/es\/wp-json\/wp\/v2\/types\/page"}],"author":[{"embeddable":true,"href":"https:\/\/www.hastingsirrigation.com\/es\/wp-json\/wp\/v2\/users\/1"}],"replies":[{"embeddable":true,"href":"https:\/\/www.hastingsirrigation.com\/es\/wp-json\/wp\/v2\/comments?post=454"}],"version-history":[{"count":2,"href":"https:\/\/www.hastingsirrigation.com\/es\/wp-json\/wp\/v2\/pages\/454\/revisions"}],"predecessor-version":[{"id":536,"href":"https:\/\/www.hastingsirrigation.com\/es\/wp-json\/wp\/v2\/pages\/454\/revisions\/536"}],"up":[{"embeddable":true,"href":"https:\/\/www.hastingsirrigation.com\/es\/wp-json\/wp\/v2\/pages\/438"}],"wp:attachment":[{"href":"https:\/\/www.hastingsirrigation.com\/es\/wp-json\/wp\/v2\/media?parent=454"}],"curies":[{"name":"wp","href":"https:\/\/api.w.org\/{rel}","templated":true}]}}