{"id":450,"date":"2017-02-08T14:03:33","date_gmt":"2017-02-08T20:03:33","guid":{"rendered":"https:\/\/www.hastingsirrigation.com\/?page_id=450\/"},"modified":"2017-03-23T12:08:47","modified_gmt":"2017-03-23T17:08:47","slug":"vision-de-conjunto","status":"publish","type":"page","link":"https:\/\/www.hastingsirrigation.com\/es\/irrigation\/vision-de-conjunto\/","title":{"rendered":"Descripci\u00f3n general"},"content":{"rendered":"<div id=\"pl-450\"  class=\"panel-layout\" ><div id=\"pg-450-0\"  class=\"panel-grid panel-no-style\" ><div id=\"pgc-450-0-0\"  class=\"panel-grid-cell\" ><div id=\"panel-450-0-0-0\" class=\"so-panel widget_black-studio-tinymce widget_black_studio_tinymce panel-first-child\" data-index=\"0\" ><div class=\"textwidget\"><h4 style=\"text-align:center\">DURANTE M\u00c1S DE 60 A\u00d1OS, HASTINGS IRRIGATION PIPE COMPANY HA SIDO UN PROVEEDOR MUNDIAL DE PRODUCTOS PARA LA INDUSTRIA DE RIEGO.<\/h4>\n<p style=\"text-align:center\">Si se trata de un sistema de compuertas, sistema de tuber\u00eda principal port\u00e1til, riego port\u00e1til, o establecer un s\u00f3lido sistema de rociadores, Hastings Irrigation Pipe Company tiene las selecciones de productos que satisfagan sus necesidades espec\u00edficas y su eficiencia en agua y energ\u00eda.<\/p>\n<\/div><\/div><div id=\"panel-450-0-0-1\" class=\"so-panel widget_gallery gallery-widget panel-last-child\" data-index=\"1\" >\t\t\t<div class=\"gallery\">\n\t\t\t\t\t\t\t\t\t<div class=\"gallery-thumbnail\">\n\t\t\t\t\t\t<a href=\"https:\/\/www.hastingsirrigation.com\/wp-content\/uploads\/DSC_8315.jpg\" class=\"lightbox\" rel=\"gallery-69f20d21d187b\"><img decoding=\"async\" src=\"https:\/\/www.hastingsirrigation.com\/wp-content\/uploads\/DSC_8315-300x200.jpg\"><\/a>\n\t\t\t\t\t<\/div><!-- .gallery-thumbnail -->\n\t\t\t\t\t\t\t\t\t\t<div class=\"gallery-thumbnail\">\n\t\t\t\t\t\t<a href=\"https:\/\/www.hastingsirrigation.com\/wp-content\/uploads\/DSC_8319.jpg\" class=\"lightbox\" rel=\"gallery-69f20d21d187b\"><img decoding=\"async\" src=\"https:\/\/www.hastingsirrigation.com\/wp-content\/uploads\/DSC_8319-300x200.jpg\"><\/a>\n\t\t\t\t\t<\/div><!-- .gallery-thumbnail -->\n\t\t\t\t\t\t\t\t\t\t<div class=\"gallery-thumbnail\">\n\t\t\t\t\t\t<a href=\"https:\/\/www.hastingsirrigation.com\/wp-content\/uploads\/DSC_8325.jpg\" class=\"lightbox\" rel=\"gallery-69f20d21d187b\"><img decoding=\"async\" src=\"https:\/\/www.hastingsirrigation.com\/wp-content\/uploads\/DSC_8325-300x200.jpg\"><\/a>\n\t\t\t\t\t<\/div><!-- .gallery-thumbnail -->\n\t\t\t\t\t\t\t\t\t\t<div class=\"gallery-thumbnail\">\n\t\t\t\t\t\t<a href=\"https:\/\/www.hastingsirrigation.com\/wp-content\/uploads\/DSC_8386.jpg\" class=\"lightbox\" rel=\"gallery-69f20d21d187b\"><img decoding=\"async\" src=\"https:\/\/www.hastingsirrigation.com\/wp-content\/uploads\/DSC_8386-300x200.jpg\"><\/a>\n\t\t\t\t\t<\/div><!-- .gallery-thumbnail -->\n\t\t\t\t\t\t\t\t\t\t<div class=\"gallery-thumbnail\">\n\t\t\t\t\t\t<a href=\"https:\/\/www.hastingsirrigation.com\/wp-content\/uploads\/DSC_8387.jpg\" class=\"lightbox\" rel=\"gallery-69f20d21d187b\"><img decoding=\"async\" src=\"https:\/\/www.hastingsirrigation.com\/wp-content\/uploads\/DSC_8387-300x200.jpg\"><\/a>\n\t\t\t\t\t<\/div><!-- .gallery-thumbnail -->\n\t\t\t\t\t\t\t\t\t\t<div class=\"gallery-thumbnail\">\n\t\t\t\t\t\t<a href=\"https:\/\/www.hastingsirrigation.com\/wp-content\/uploads\/P1010019.jpg\" class=\"lightbox\" rel=\"gallery-69f20d21d187b\"><img decoding=\"async\" src=\"https:\/\/www.hastingsirrigation.com\/wp-content\/uploads\/P1010019-267x200.jpg\"><\/a>\n\t\t\t\t\t<\/div><!-- .gallery-thumbnail -->\n\t\t\t\t\t\t\t\t<\/div>\n\t\t\t<\/div><\/div><\/div><\/div>","protected":false},"excerpt":{"rendered":"<p>CVDURANTE M\u00c1S DE 60 A\u00d1OS, HASTINGS IRRIGATION PIPE COMPANY HA SIDO UN PROVEEDOR MUNDIAL DE PRODUCTOS PARA LA INDUSTRIA DE RIEGO. Si se trata de un sistema de compuertas, sistema de tuber\u00eda principal port\u00e1til, riego port\u00e1til, o establecer un s\u00f3lido sistema de rociadores, Hastings Irrigation Pipe Company tiene las selecciones de productos que satisfagan sus [&hellip;]<\/p>\n","protected":false},"author":1,"featured_media":0,"parent":438,"menu_order":15,"comment_status":"closed","ping_status":"closed","template":"","meta":{"_acf_changed":false,"footnotes":""},"class_list":["post-450","page","type-page","status-publish","hentry"],"acf":[],"yoast_head":"<!-- This site is optimized with the Yoast SEO plugin v25.0 - https:\/\/yoast.com\/wordpress\/plugins\/seo\/ -->\n<title>Descripci\u00f3n general - Hastings Irrigation Pipe Co.<\/title>\n<meta name=\"robots\" content=\"index, follow, max-snippet:-1, max-image-preview:large, max-video-preview:-1\" \/>\n<link rel=\"canonical\" href=\"https:\/\/www.hastingsirrigation.com\/es\/irrigation\/vision-de-conjunto\/\" \/>\n<meta property=\"og:locale\" content=\"es_ES\" \/>\n<meta property=\"og:type\" content=\"article\" \/>\n<meta property=\"og:title\" content=\"Descripci\u00f3n general - Hastings Irrigation Pipe Co.\" \/>\n<meta property=\"og:description\" content=\"CVDURANTE M\u00c1S DE 60 A\u00d1OS, HASTINGS IRRIGATION PIPE COMPANY HA SIDO UN PROVEEDOR MUNDIAL DE PRODUCTOS PARA LA INDUSTRIA DE RIEGO. Si se trata de un sistema de compuertas, sistema de tuber\u00eda principal port\u00e1til, riego port\u00e1til, o establecer un s\u00f3lido sistema de rociadores, Hastings Irrigation Pipe Company tiene las selecciones de productos que satisfagan sus [&hellip;]\" \/>\n<meta property=\"og:url\" content=\"https:\/\/www.hastingsirrigation.com\/es\/irrigation\/vision-de-conjunto\/\" \/>\n<meta property=\"og:site_name\" content=\"Hastings Irrigation Pipe Co.\" \/>\n<meta property=\"article:modified_time\" content=\"2017-03-23T17:08:47+00:00\" \/>\n<meta property=\"og:image\" content=\"https:\/\/www.hastingsirrigation.com\/wp-content\/uploads\/DSC_8315-300x200.jpg\" \/>\n<meta name=\"twitter:card\" content=\"summary_large_image\" \/>\n<script type=\"application\/ld+json\" class=\"yoast-schema-graph\">{\"@context\":\"https:\/\/schema.org\",\"@graph\":[{\"@type\":\"WebPage\",\"@id\":\"https:\/\/www.hastingsirrigation.com\/es\/irrigation\/vision-de-conjunto\/\",\"url\":\"https:\/\/www.hastingsirrigation.com\/es\/irrigation\/vision-de-conjunto\/\",\"name\":\"Descripci\u00f3n general - Hastings Irrigation Pipe Co.\",\"isPartOf\":{\"@id\":\"https:\/\/www.hastingsirrigation.com\/#website\"},\"primaryImageOfPage\":{\"@id\":\"https:\/\/www.hastingsirrigation.com\/es\/irrigation\/vision-de-conjunto\/#primaryimage\"},\"image\":{\"@id\":\"https:\/\/www.hastingsirrigation.com\/es\/irrigation\/vision-de-conjunto\/#primaryimage\"},\"thumbnailUrl\":\"https:\/\/www.hastingsirrigation.com\/wp-content\/uploads\/DSC_8315-300x200.jpg\",\"datePublished\":\"2017-02-08T20:03:33+00:00\",\"dateModified\":\"2017-03-23T17:08:47+00:00\",\"breadcrumb\":{\"@id\":\"https:\/\/www.hastingsirrigation.com\/es\/irrigation\/vision-de-conjunto\/#breadcrumb\"},\"inLanguage\":\"es\",\"potentialAction\":[{\"@type\":\"ReadAction\",\"target\":[\"https:\/\/www.hastingsirrigation.com\/es\/irrigation\/vision-de-conjunto\/\"]}]},{\"@type\":\"ImageObject\",\"inLanguage\":\"es\",\"@id\":\"https:\/\/www.hastingsirrigation.com\/es\/irrigation\/vision-de-conjunto\/#primaryimage\",\"url\":\"https:\/\/www.hastingsirrigation.com\/wp-content\/uploads\/DSC_8315-300x200.jpg\",\"contentUrl\":\"https:\/\/www.hastingsirrigation.com\/wp-content\/uploads\/DSC_8315-300x200.jpg\"},{\"@type\":\"BreadcrumbList\",\"@id\":\"https:\/\/www.hastingsirrigation.com\/es\/irrigation\/vision-de-conjunto\/#breadcrumb\",\"itemListElement\":[{\"@type\":\"ListItem\",\"position\":1,\"name\":\"Home\",\"item\":\"https:\/\/www.hastingsirrigation.com\/es\/\"},{\"@type\":\"ListItem\",\"position\":2,\"name\":\"Riego\",\"item\":\"https:\/\/www.hastingsirrigation.com\/es\/irrigation\/dragline\/\"},{\"@type\":\"ListItem\",\"position\":3,\"name\":\"Descripci\u00f3n general\"}]},{\"@type\":\"WebSite\",\"@id\":\"https:\/\/www.hastingsirrigation.com\/#website\",\"url\":\"https:\/\/www.hastingsirrigation.com\/\",\"name\":\"Hastings Irrigation Pipe Co.\",\"description\":\"\",\"potentialAction\":[{\"@type\":\"SearchAction\",\"target\":{\"@type\":\"EntryPoint\",\"urlTemplate\":\"https:\/\/www.hastingsirrigation.com\/?s={search_term_string}\"},\"query-input\":{\"@type\":\"PropertyValueSpecification\",\"valueRequired\":true,\"valueName\":\"search_term_string\"}}],\"inLanguage\":\"es\"}]}<\/script>\n<!-- \/ Yoast SEO plugin. -->","yoast_head_json":{"title":"Descripci\u00f3n general - Hastings Irrigation Pipe Co.","robots":{"index":"index","follow":"follow","max-snippet":"max-snippet:-1","max-image-preview":"max-image-preview:large","max-video-preview":"max-video-preview:-1"},"canonical":"https:\/\/www.hastingsirrigation.com\/es\/irrigation\/vision-de-conjunto\/","og_locale":"es_ES","og_type":"article","og_title":"Descripci\u00f3n general - Hastings Irrigation Pipe Co.","og_description":"CVDURANTE M\u00c1S DE 60 A\u00d1OS, HASTINGS IRRIGATION PIPE COMPANY HA SIDO UN PROVEEDOR MUNDIAL DE PRODUCTOS PARA LA INDUSTRIA DE RIEGO. Si se trata de un sistema de compuertas, sistema de tuber\u00eda principal port\u00e1til, riego port\u00e1til, o establecer un s\u00f3lido sistema de rociadores, Hastings Irrigation Pipe Company tiene las selecciones de productos que satisfagan sus [&hellip;]","og_url":"https:\/\/www.hastingsirrigation.com\/es\/irrigation\/vision-de-conjunto\/","og_site_name":"Hastings Irrigation Pipe Co.","article_modified_time":"2017-03-23T17:08:47+00:00","og_image":[{"url":"https:\/\/www.hastingsirrigation.com\/wp-content\/uploads\/DSC_8315-300x200.jpg","type":"","width":"","height":""}],"twitter_card":"summary_large_image","schema":{"@context":"https:\/\/schema.org","@graph":[{"@type":"WebPage","@id":"https:\/\/www.hastingsirrigation.com\/es\/irrigation\/vision-de-conjunto\/","url":"https:\/\/www.hastingsirrigation.com\/es\/irrigation\/vision-de-conjunto\/","name":"Descripci\u00f3n general - Hastings Irrigation Pipe Co.","isPartOf":{"@id":"https:\/\/www.hastingsirrigation.com\/#website"},"primaryImageOfPage":{"@id":"https:\/\/www.hastingsirrigation.com\/es\/irrigation\/vision-de-conjunto\/#primaryimage"},"image":{"@id":"https:\/\/www.hastingsirrigation.com\/es\/irrigation\/vision-de-conjunto\/#primaryimage"},"thumbnailUrl":"https:\/\/www.hastingsirrigation.com\/wp-content\/uploads\/DSC_8315-300x200.jpg","datePublished":"2017-02-08T20:03:33+00:00","dateModified":"2017-03-23T17:08:47+00:00","breadcrumb":{"@id":"https:\/\/www.hastingsirrigation.com\/es\/irrigation\/vision-de-conjunto\/#breadcrumb"},"inLanguage":"es","potentialAction":[{"@type":"ReadAction","target":["https:\/\/www.hastingsirrigation.com\/es\/irrigation\/vision-de-conjunto\/"]}]},{"@type":"ImageObject","inLanguage":"es","@id":"https:\/\/www.hastingsirrigation.com\/es\/irrigation\/vision-de-conjunto\/#primaryimage","url":"https:\/\/www.hastingsirrigation.com\/wp-content\/uploads\/DSC_8315-300x200.jpg","contentUrl":"https:\/\/www.hastingsirrigation.com\/wp-content\/uploads\/DSC_8315-300x200.jpg"},{"@type":"BreadcrumbList","@id":"https:\/\/www.hastingsirrigation.com\/es\/irrigation\/vision-de-conjunto\/#breadcrumb","itemListElement":[{"@type":"ListItem","position":1,"name":"Home","item":"https:\/\/www.hastingsirrigation.com\/es\/"},{"@type":"ListItem","position":2,"name":"Riego","item":"https:\/\/www.hastingsirrigation.com\/es\/irrigation\/dragline\/"},{"@type":"ListItem","position":3,"name":"Descripci\u00f3n general"}]},{"@type":"WebSite","@id":"https:\/\/www.hastingsirrigation.com\/#website","url":"https:\/\/www.hastingsirrigation.com\/","name":"Hastings Irrigation Pipe Co.","description":"","potentialAction":[{"@type":"SearchAction","target":{"@type":"EntryPoint","urlTemplate":"https:\/\/www.hastingsirrigation.com\/?s={search_term_string}"},"query-input":{"@type":"PropertyValueSpecification","valueRequired":true,"valueName":"search_term_string"}}],"inLanguage":"es"}]}},"_links":{"self":[{"href":"https:\/\/www.hastingsirrigation.com\/es\/wp-json\/wp\/v2\/pages\/450","targetHints":{"allow":["GET"]}}],"collection":[{"href":"https:\/\/www.hastingsirrigation.com\/es\/wp-json\/wp\/v2\/pages"}],"about":[{"href":"https:\/\/www.hastingsirrigation.com\/es\/wp-json\/wp\/v2\/types\/page"}],"author":[{"embeddable":true,"href":"https:\/\/www.hastingsirrigation.com\/es\/wp-json\/wp\/v2\/users\/1"}],"replies":[{"embeddable":true,"href":"https:\/\/www.hastingsirrigation.com\/es\/wp-json\/wp\/v2\/comments?post=450"}],"version-history":[{"count":5,"href":"https:\/\/www.hastingsirrigation.com\/es\/wp-json\/wp\/v2\/pages\/450\/revisions"}],"predecessor-version":[{"id":533,"href":"https:\/\/www.hastingsirrigation.com\/es\/wp-json\/wp\/v2\/pages\/450\/revisions\/533"}],"up":[{"embeddable":true,"href":"https:\/\/www.hastingsirrigation.com\/es\/wp-json\/wp\/v2\/pages\/438"}],"wp:attachment":[{"href":"https:\/\/www.hastingsirrigation.com\/es\/wp-json\/wp\/v2\/media?parent=450"}],"curies":[{"name":"wp","href":"https:\/\/api.w.org\/{rel}","templated":true}]}}