{"id":427,"date":"2017-01-25T12:43:56","date_gmt":"2017-01-25T18:43:56","guid":{"rendered":"https:\/\/www.hastingsirrigation.com\/?page_id=427\/"},"modified":"2021-09-01T16:31:54","modified_gmt":"2021-09-01T21:31:54","slug":"contacto","status":"publish","type":"page","link":"https:\/\/www.hastingsirrigation.com\/es\/contacto\/","title":{"rendered":"Contacto"},"content":{"rendered":"<div id=\"pl-427\"  class=\"panel-layout\" ><div id=\"pg-427-0\"  class=\"panel-grid panel-has-style\" ><div class=\"invert siteorigin-panels-stretch panel-row-style panel-row-style-for-427-0\" data-stretch-type=\"full\" ><div id=\"pgc-427-0-0\"  class=\"panel-grid-cell\" ><div id=\"panel-427-0-0-0\" class=\"so-panel widget_black-studio-tinymce widget_black_studio_tinymce panel-first-child panel-last-child\" data-index=\"0\" ><div class=\"textwidget\"><h4 class=\"half-bottom-margin\" style=\"text-align: center;\"><i class=\"fa fa-paper-plane-o\"><\/i>\u00a0\u00a0DIRECCI\u00d3N<\/h4>\n<p style=\"text-align: center;\" class=\"no-bottom-margin\">PO Box 728<br \/>\nHastings, NE 68902<\/p>\n<\/div><\/div><\/div><div id=\"pgc-427-0-1\"  class=\"panel-grid-cell\" ><div id=\"panel-427-0-1-0\" class=\"so-panel widget_black-studio-tinymce widget_black_studio_tinymce panel-first-child panel-last-child\" data-index=\"1\" ><div class=\"textwidget\"><h4 class=\"half-bottom-margin\" style=\"text-align: center;\"><i class=\"fa fa-phone\" aria-hidden=\"true\"><\/i>&nbsp;&nbsp;TEL\u00c9FONO<\/h4>\n<p style=\"text-align: center;\" class=\"no-bottom-margin\"><a href=\"tel:402-463-6633\">402-463-6633<\/a><\/p>\n<\/div><\/div><\/div><div id=\"pgc-427-0-2\"  class=\"panel-grid-cell\" ><div id=\"panel-427-0-2-0\" class=\"so-panel widget_black-studio-tinymce widget_black_studio_tinymce panel-first-child panel-last-child\" data-index=\"2\" ><div class=\"textwidget\"><h4 class=\"half-bottom-margin\" style=\"text-align: center;\"><i class=\"fa fa-envelope-o\" aria-hidden=\"true\"><\/i>&nbsp;&nbsp;CORREO ELECTR\u00d3NICO<\/h4>\n<p style=\"text-align: center;\" class=\"no-bottom-margin\"><a href=\"mailto:sales@hastingsirrigation.com\">sales@hastingsirrigation.com<\/a><\/p>\n<\/div><\/div><\/div><\/div><\/div><div id=\"pg-427-1\"  class=\"panel-grid panel-no-style\" ><div id=\"pgc-427-1-0\"  class=\"panel-grid-cell\" ><div id=\"panel-427-1-0-0\" class=\"so-panel widget_black-studio-tinymce widget_black_studio_tinymce panel-first-child\" data-index=\"3\" ><div class=\"textwidget\"><h4 class=\"no-bottom-margin\">UBICACI\u00d3N<\/h4>\n<\/div><\/div><div id=\"panel-427-1-0-1\" class=\"so-panel widget_black-studio-tinymce widget_black_studio_tinymce panel-last-child\" data-index=\"4\" ><div class=\"textwidget\"><iframe loading=\"lazy\" style=\"border: 0;\" src=\"https:\/\/www.google.com\/maps\/embed?pb=!1m18!1m12!1m3!1d3030.1206661017845!2d-98.36040368434742!3d40.58309185342813!2m3!1f0!2f0!3f0!3m2!1i1024!2i768!4f13.1!3m3!1m2!1s0x8799a38461297823%3A0x18b5f9826423c600!2sHastings+Irrigation+Pipe+Co!5e0!3m2!1sen!2sus!4v1550810672003\" width=\"100%\" height=\"400\" frameborder=\"0\" allowfullscreen=\"allowfullscreen\"><\/iframe><\/div><\/div><\/div><div id=\"pgc-427-1-1\"  class=\"panel-grid-cell\" ><div id=\"panel-427-1-1-0\" class=\"so-panel widget_black-studio-tinymce widget_black_studio_tinymce panel-first-child panel-last-child\" data-index=\"5\" ><div class=\"textwidget\"><h4>ENV\u00cdANOS UN MENSAJE<\/h4>\n<p>Utilice el siguiente formulario para preguntas generales o para solicitar una cotizaci\u00f3n.<\/p>\n<p><div class=\"frm_forms  with_frm_style frm_style_formidable-style\" id=\"frm_form_6_container\" >\n<form enctype=\"multipart\/form-data\" method=\"post\" class=\"frm-show-form  frm_pro_form \" id=\"form_5zylj\" >\n<div class=\"frm_form_fields \">\n<fieldset>\n<legend class=\"frm_hidden\">Contact Form<\/legend>\r\n\r\n<div class=\"frm_fields_container\">\n<input type=\"hidden\" name=\"frm_action\" value=\"create\" \/>\n<input type=\"hidden\" name=\"form_id\" value=\"6\" \/>\n<input type=\"hidden\" name=\"frm_hide_fields_6\" id=\"frm_hide_fields_6\" value=\"\" \/>\n<input type=\"hidden\" name=\"form_key\" value=\"5zylj\" \/>\n<input type=\"hidden\" name=\"item_meta[0]\" value=\"\" \/>\n<input type=\"hidden\" id=\"frm_submit_entry_6\" name=\"frm_submit_entry_6\" value=\"26a037d5a5\" \/><input type=\"hidden\" name=\"_wp_http_referer\" value=\"\/es\/wp-json\/wp\/v2\/pages\/427\" \/><div id=\"frm_field_68_container\" class=\"frm_form_field form-field  frm_required_field frm_top_container\">\r\n    <label for=\"field_o27p8\" class=\"frm_primary_label\">Nombre\r\n        <span class=\"frm_required\">*<\/span>\r\n    <\/label>\r\n    <input  type=\"text\" id=\"field_o27p8\" name=\"item_meta[68]\" value=\"\"  data-reqmsg=\"Nombre cannot be blank.\" aria-required=\"true\" data-invmsg=\"Nombre no es v\u00e1lido\" aria-invalid=\"false\"   \/>\r\n    \r\n    \r\n<\/div>\n<div id=\"frm_field_69_container\" class=\"frm_form_field form-field  frm_required_field frm_top_container\">\r\n    <label for=\"field_d1o56\" class=\"frm_primary_label\">Tel\u00e9fono\r\n        <span class=\"frm_required\">*<\/span>\r\n    <\/label>\r\n    <input type=\"tel\" id=\"field_d1o56\" name=\"item_meta[69]\" value=\"\"  data-reqmsg=\"Tel\u00e9fono cannot be blank.\" aria-required=\"true\" data-invmsg=\"Phone Number is invalid\" aria-invalid=\"false\" pattern=\"((\\+\\d{1,3}(-|.| )?\\(?\\d\\)?(-| |.)?\\d{1,5})|(\\(?\\d{2,6}\\)?))(-|.| )?(\\d{3,4})(-|.| )?(\\d{4})(( x| ext)\\d{1,5}){0,1}$\"  \/>\r\n    \r\n    \r\n<\/div>\n<div id=\"frm_field_70_container\" class=\"frm_form_field form-field  frm_required_field frm_top_container\">\r\n    <label for=\"field_m6w0e\" class=\"frm_primary_label\">Correo electr\u00f3nico\r\n        <span class=\"frm_required\">*<\/span>\r\n    <\/label>\r\n    <input type=\"email\" id=\"field_m6w0e\" name=\"item_meta[70]\" value=\"\"  data-reqmsg=\"Correo electr\u00f3nico cannot be blank.\" aria-required=\"true\" data-invmsg=\"Email Address is invalid\" aria-invalid=\"false\"  \/>\r\n    \r\n    \r\n<\/div>\n<div id=\"frm_field_72_container\" class=\"frm_form_field form-field  frm_required_field frm_top_container\">\r\n    <label for=\"field_2me74\" class=\"frm_primary_label\">Mensaje\r\n        <span class=\"frm_required\">*<\/span>\r\n    <\/label>\r\n    <textarea name=\"item_meta[72]\" id=\"field_2me74\" rows=\"5\"  data-reqmsg=\"Mensaje cannot be blank.\" aria-required=\"true\" data-invmsg=\"Mensaje no es v\u00e1lido\" aria-invalid=\"false\"  ><\/textarea>\r\n    \r\n    \r\n<\/div>\n\t<input type=\"hidden\" name=\"item_key\" value=\"\" \/>\n\t\t\t\t<div class=\"frm__65a824d5de537\">\n\t\t\t\t<label for=\"frm_email_6\" >\n\t\t\t\t\tSi eres humano, deja este campo en blanco.\t\t\t\t<\/label>\n\t\t\t\t<input  id=\"frm_email_6\" type=\"text\" class=\"frm_verify\" name=\"frm__65a824d5de537\" value=\"\" autocomplete=\"off\"  \/>\n\t\t\t<\/div>\n\t\t<input name=\"frm_state\" type=\"hidden\" value=\"0tM\/Y3IFkRHqhOaPXH64eet1JRxWKDGK+AG8ZTkQVck=\" \/><div class=\"frm_submit\">\r\n\r\n<input type=\"submit\" value=\"Enviar\"  class=\"frm_final_submit\" formnovalidate=\"formnovalidate\" \/>\r\n<img decoding=\"async\" class=\"frm_ajax_loading\" src=\"https:\/\/www.hastingsirrigation.com\/wp-content\/plugins\/formidable\/images\/ajax_loader.gif\" alt=\"Sending\"\/>\r\n\r\n<\/div><\/div>\n<\/fieldset>\n<\/div>\n\n<p style=\"display: none !important;\" class=\"akismet-fields-container\" data-prefix=\"ak_\"><label>&#916;<textarea name=\"ak_hp_textarea\" cols=\"45\" rows=\"8\" maxlength=\"100\"><\/textarea><\/label><input type=\"hidden\" id=\"ak_js_1\" name=\"ak_js\" value=\"136\"\/><script type=\"text\/javascript\">\n\/* <![CDATA[ *\/\ndocument.getElementById( \"ak_js_1\" ).setAttribute( \"value\", ( new Date() ).getTime() );\n\/* ]]> *\/\n<\/script>\n<\/p><\/form>\n<\/div>\n<\/p>\n<\/div><\/div><\/div><\/div><\/div>","protected":false},"excerpt":{"rendered":"<p>\u00a0\u00a0DIRECCI\u00d3N PO Box 728 Hastings, NE 68902 &nbsp;&nbsp;TEL\u00c9FONO 402-463-6633 &nbsp;&nbsp;CORREO ELECTR\u00d3NICO sales@hastingsirrigation.com UBICACI\u00d3N ENV\u00cdANOS UN MENSAJE Utilice el siguiente formulario para preguntas generales o para solicitar una cotizaci\u00f3n.<\/p>\n","protected":false},"author":1,"featured_media":0,"parent":0,"menu_order":0,"comment_status":"closed","ping_status":"closed","template":"","meta":{"_acf_changed":false,"footnotes":""},"class_list":["post-427","page","type-page","status-publish","hentry"],"acf":[],"yoast_head":"<!-- This site is optimized with the Yoast SEO plugin v25.0 - https:\/\/yoast.com\/wordpress\/plugins\/seo\/ -->\n<title>Contacto - Hastings Irrigation Pipe Co.<\/title>\n<meta name=\"robots\" content=\"index, follow, max-snippet:-1, max-image-preview:large, max-video-preview:-1\" \/>\n<link rel=\"canonical\" href=\"https:\/\/www.hastingsirrigation.com\/es\/contacto\/\" \/>\n<meta property=\"og:locale\" content=\"es_ES\" \/>\n<meta property=\"og:type\" content=\"article\" \/>\n<meta property=\"og:title\" content=\"Contacto - Hastings Irrigation Pipe Co.\" \/>\n<meta property=\"og:description\" content=\"\u00a0\u00a0DIRECCI\u00d3N PO Box 728 Hastings, NE 68902 &nbsp;&nbsp;TEL\u00c9FONO 402-463-6633 &nbsp;&nbsp;CORREO ELECTR\u00d3NICO sales@hastingsirrigation.com UBICACI\u00d3N ENV\u00cdANOS UN MENSAJE Utilice el siguiente formulario para preguntas generales o para solicitar una cotizaci\u00f3n.\" \/>\n<meta property=\"og:url\" content=\"https:\/\/www.hastingsirrigation.com\/es\/contacto\/\" \/>\n<meta property=\"og:site_name\" content=\"Hastings Irrigation Pipe Co.\" \/>\n<meta property=\"article:modified_time\" content=\"2021-09-01T21:31:54+00:00\" \/>\n<meta name=\"twitter:card\" content=\"summary_large_image\" \/>\n<meta name=\"twitter:label1\" content=\"Tiempo de lectura\" \/>\n\t<meta name=\"twitter:data1\" content=\"1 minuto\" \/>\n<script type=\"application\/ld+json\" class=\"yoast-schema-graph\">{\"@context\":\"https:\/\/schema.org\",\"@graph\":[{\"@type\":\"WebPage\",\"@id\":\"https:\/\/www.hastingsirrigation.com\/es\/contacto\/\",\"url\":\"https:\/\/www.hastingsirrigation.com\/es\/contacto\/\",\"name\":\"Contacto - Hastings Irrigation Pipe Co.\",\"isPartOf\":{\"@id\":\"https:\/\/www.hastingsirrigation.com\/#website\"},\"datePublished\":\"2017-01-25T18:43:56+00:00\",\"dateModified\":\"2021-09-01T21:31:54+00:00\",\"breadcrumb\":{\"@id\":\"https:\/\/www.hastingsirrigation.com\/es\/contacto\/#breadcrumb\"},\"inLanguage\":\"es\",\"potentialAction\":[{\"@type\":\"ReadAction\",\"target\":[\"https:\/\/www.hastingsirrigation.com\/es\/contacto\/\"]}]},{\"@type\":\"BreadcrumbList\",\"@id\":\"https:\/\/www.hastingsirrigation.com\/es\/contacto\/#breadcrumb\",\"itemListElement\":[{\"@type\":\"ListItem\",\"position\":1,\"name\":\"Home\",\"item\":\"https:\/\/www.hastingsirrigation.com\/es\/\"},{\"@type\":\"ListItem\",\"position\":2,\"name\":\"Contacto\"}]},{\"@type\":\"WebSite\",\"@id\":\"https:\/\/www.hastingsirrigation.com\/#website\",\"url\":\"https:\/\/www.hastingsirrigation.com\/\",\"name\":\"Hastings Irrigation Pipe Co.\",\"description\":\"\",\"potentialAction\":[{\"@type\":\"SearchAction\",\"target\":{\"@type\":\"EntryPoint\",\"urlTemplate\":\"https:\/\/www.hastingsirrigation.com\/?s={search_term_string}\"},\"query-input\":{\"@type\":\"PropertyValueSpecification\",\"valueRequired\":true,\"valueName\":\"search_term_string\"}}],\"inLanguage\":\"es\"}]}<\/script>\n<!-- \/ Yoast SEO plugin. -->","yoast_head_json":{"title":"Contacto - Hastings Irrigation Pipe Co.","robots":{"index":"index","follow":"follow","max-snippet":"max-snippet:-1","max-image-preview":"max-image-preview:large","max-video-preview":"max-video-preview:-1"},"canonical":"https:\/\/www.hastingsirrigation.com\/es\/contacto\/","og_locale":"es_ES","og_type":"article","og_title":"Contacto - Hastings Irrigation Pipe Co.","og_description":"\u00a0\u00a0DIRECCI\u00d3N PO Box 728 Hastings, NE 68902 &nbsp;&nbsp;TEL\u00c9FONO 402-463-6633 &nbsp;&nbsp;CORREO ELECTR\u00d3NICO sales@hastingsirrigation.com UBICACI\u00d3N ENV\u00cdANOS UN MENSAJE Utilice el siguiente formulario para preguntas generales o para solicitar una cotizaci\u00f3n.","og_url":"https:\/\/www.hastingsirrigation.com\/es\/contacto\/","og_site_name":"Hastings Irrigation Pipe Co.","article_modified_time":"2021-09-01T21:31:54+00:00","twitter_card":"summary_large_image","twitter_misc":{"Tiempo de lectura":"1 minuto"},"schema":{"@context":"https:\/\/schema.org","@graph":[{"@type":"WebPage","@id":"https:\/\/www.hastingsirrigation.com\/es\/contacto\/","url":"https:\/\/www.hastingsirrigation.com\/es\/contacto\/","name":"Contacto - Hastings Irrigation Pipe Co.","isPartOf":{"@id":"https:\/\/www.hastingsirrigation.com\/#website"},"datePublished":"2017-01-25T18:43:56+00:00","dateModified":"2021-09-01T21:31:54+00:00","breadcrumb":{"@id":"https:\/\/www.hastingsirrigation.com\/es\/contacto\/#breadcrumb"},"inLanguage":"es","potentialAction":[{"@type":"ReadAction","target":["https:\/\/www.hastingsirrigation.com\/es\/contacto\/"]}]},{"@type":"BreadcrumbList","@id":"https:\/\/www.hastingsirrigation.com\/es\/contacto\/#breadcrumb","itemListElement":[{"@type":"ListItem","position":1,"name":"Home","item":"https:\/\/www.hastingsirrigation.com\/es\/"},{"@type":"ListItem","position":2,"name":"Contacto"}]},{"@type":"WebSite","@id":"https:\/\/www.hastingsirrigation.com\/#website","url":"https:\/\/www.hastingsirrigation.com\/","name":"Hastings Irrigation Pipe Co.","description":"","potentialAction":[{"@type":"SearchAction","target":{"@type":"EntryPoint","urlTemplate":"https:\/\/www.hastingsirrigation.com\/?s={search_term_string}"},"query-input":{"@type":"PropertyValueSpecification","valueRequired":true,"valueName":"search_term_string"}}],"inLanguage":"es"}]}},"_links":{"self":[{"href":"https:\/\/www.hastingsirrigation.com\/es\/wp-json\/wp\/v2\/pages\/427","targetHints":{"allow":["GET"]}}],"collection":[{"href":"https:\/\/www.hastingsirrigation.com\/es\/wp-json\/wp\/v2\/pages"}],"about":[{"href":"https:\/\/www.hastingsirrigation.com\/es\/wp-json\/wp\/v2\/types\/page"}],"author":[{"embeddable":true,"href":"https:\/\/www.hastingsirrigation.com\/es\/wp-json\/wp\/v2\/users\/1"}],"replies":[{"embeddable":true,"href":"https:\/\/www.hastingsirrigation.com\/es\/wp-json\/wp\/v2\/comments?post=427"}],"version-history":[{"count":7,"href":"https:\/\/www.hastingsirrigation.com\/es\/wp-json\/wp\/v2\/pages\/427\/revisions"}],"predecessor-version":[{"id":1572,"href":"https:\/\/www.hastingsirrigation.com\/es\/wp-json\/wp\/v2\/pages\/427\/revisions\/1572"}],"wp:attachment":[{"href":"https:\/\/www.hastingsirrigation.com\/es\/wp-json\/wp\/v2\/media?parent=427"}],"curies":[{"name":"wp","href":"https:\/\/api.w.org\/{rel}","templated":true}]}}