{"id":416,"date":"2017-01-25T12:17:36","date_gmt":"2017-01-25T18:17:36","guid":{"rendered":"https:\/\/www.hastingsirrigation.com\/?page_id=416\/"},"modified":"2017-03-23T12:09:02","modified_gmt":"2017-03-23T17:09:02","slug":"overview","status":"publish","type":"page","link":"https:\/\/www.hastingsirrigation.com\/es\/industrial-tubing\/overview\/","title":{"rendered":"Descripci\u00f3n general"},"content":{"rendered":"<div id=\"pl-416\"  class=\"panel-layout\" ><div id=\"pg-416-0\"  class=\"panel-grid panel-no-style\" ><div id=\"pgc-416-0-0\"  class=\"panel-grid-cell\" ><div id=\"panel-416-0-0-0\" class=\"so-panel widget_black-studio-tinymce widget_black_studio_tinymce panel-first-child\" data-index=\"0\" ><div class=\"textwidget\"><h4 style=\"text-align: center;\">PRODUCTOS DE TUBER\u00cdAS DE HASTINGS IRRIGATION PIPE COMPANY HAN SERVIDO INDUSTRIAL Y LAS NECESIDADES DE LA INDUSTRIA EN TODO EL MUNDO DURANTE SEIS D\u00c9CADAS.<\/h4>\n<p style=\"text-align: center;\">La construcci\u00f3n, la transferencia de agua, energ\u00eda y sistemas de vac\u00edo, son s\u00f3lo algunas de las industrias que han sido suministrados con calidad Hastings de grado industrial de tubos y accesorios.<\/p>\n<\/div><\/div><div id=\"panel-416-0-0-1\" class=\"so-panel widget_gallery gallery-widget panel-last-child\" data-index=\"1\" >\t\t\t<div class=\"gallery\">\n\t\t\t\t\t\t\t\t\t<div class=\"gallery-thumbnail\">\n\t\t\t\t\t\t<a href=\"https:\/\/www.hastingsirrigation.com\/wp-content\/uploads\/DSC_8412.jpg\" class=\"lightbox\" rel=\"gallery-69fb35ef91169\"><img decoding=\"async\" src=\"https:\/\/www.hastingsirrigation.com\/wp-content\/uploads\/DSC_8412-300x200.jpg\"><\/a>\n\t\t\t\t\t<\/div><!-- .gallery-thumbnail -->\n\t\t\t\t\t\t\t\t\t\t<div class=\"gallery-thumbnail\">\n\t\t\t\t\t\t<a href=\"https:\/\/www.hastingsirrigation.com\/wp-content\/uploads\/DSC_8414.jpg\" class=\"lightbox\" rel=\"gallery-69fb35ef91169\"><img decoding=\"async\" src=\"https:\/\/www.hastingsirrigation.com\/wp-content\/uploads\/DSC_8414-300x200.jpg\"><\/a>\n\t\t\t\t\t<\/div><!-- .gallery-thumbnail -->\n\t\t\t\t\t\t\t\t\t\t<div class=\"gallery-thumbnail\">\n\t\t\t\t\t\t<a href=\"https:\/\/www.hastingsirrigation.com\/wp-content\/uploads\/DSC_8423.jpg\" class=\"lightbox\" rel=\"gallery-69fb35ef91169\"><img decoding=\"async\" src=\"https:\/\/www.hastingsirrigation.com\/wp-content\/uploads\/DSC_8423-300x200.jpg\"><\/a>\n\t\t\t\t\t<\/div><!-- .gallery-thumbnail -->\n\t\t\t\t\t\t\t\t<\/div>\n\t\t\t<\/div><\/div><\/div><\/div>","protected":false},"excerpt":{"rendered":"<p>PRODUCTOS DE TUBER\u00cdAS DE HASTINGS IRRIGATION PIPE COMPANY HAN SERVIDO INDUSTRIAL Y LAS NECESIDADES DE LA INDUSTRIA EN TODO EL MUNDO DURANTE SEIS D\u00c9CADAS. La construcci\u00f3n, la transferencia de agua, energ\u00eda y sistemas de vac\u00edo, son s\u00f3lo algunas de las industrias que han sido suministrados con calidad Hastings de grado industrial de tubos y accesorios.<\/p>\n","protected":false},"author":1,"featured_media":0,"parent":432,"menu_order":2,"comment_status":"closed","ping_status":"closed","template":"","meta":{"_acf_changed":false,"footnotes":""},"class_list":["post-416","page","type-page","status-publish","hentry"],"acf":[],"yoast_head":"<!-- This site is optimized with the Yoast SEO plugin v25.0 - https:\/\/yoast.com\/wordpress\/plugins\/seo\/ -->\n<title>Descripci\u00f3n general - Hastings Irrigation Pipe Co.<\/title>\n<meta name=\"robots\" content=\"index, follow, max-snippet:-1, max-image-preview:large, max-video-preview:-1\" \/>\n<link rel=\"canonical\" href=\"https:\/\/www.hastingsirrigation.com\/es\/industrial-tubing\/overview\/\" \/>\n<meta property=\"og:locale\" content=\"es_ES\" \/>\n<meta property=\"og:type\" content=\"article\" \/>\n<meta property=\"og:title\" content=\"Descripci\u00f3n general - Hastings Irrigation Pipe Co.\" \/>\n<meta property=\"og:description\" content=\"PRODUCTOS DE TUBER\u00cdAS DE HASTINGS IRRIGATION PIPE COMPANY HAN SERVIDO INDUSTRIAL Y LAS NECESIDADES DE LA INDUSTRIA EN TODO EL MUNDO DURANTE SEIS D\u00c9CADAS. La construcci\u00f3n, la transferencia de agua, energ\u00eda y sistemas de vac\u00edo, son s\u00f3lo algunas de las industrias que han sido suministrados con calidad Hastings de grado industrial de tubos y accesorios.\" \/>\n<meta property=\"og:url\" content=\"https:\/\/www.hastingsirrigation.com\/es\/industrial-tubing\/overview\/\" \/>\n<meta property=\"og:site_name\" content=\"Hastings Irrigation Pipe Co.\" \/>\n<meta property=\"article:modified_time\" content=\"2017-03-23T17:09:02+00:00\" \/>\n<meta property=\"og:image\" content=\"https:\/\/www.hastingsirrigation.com\/wp-content\/uploads\/DSC_8412-300x200.jpg\" \/>\n<meta name=\"twitter:card\" content=\"summary_large_image\" \/>\n<script type=\"application\/ld+json\" class=\"yoast-schema-graph\">{\"@context\":\"https:\/\/schema.org\",\"@graph\":[{\"@type\":\"WebPage\",\"@id\":\"https:\/\/www.hastingsirrigation.com\/es\/industrial-tubing\/overview\/\",\"url\":\"https:\/\/www.hastingsirrigation.com\/es\/industrial-tubing\/overview\/\",\"name\":\"Descripci\u00f3n general - Hastings Irrigation Pipe Co.\",\"isPartOf\":{\"@id\":\"https:\/\/www.hastingsirrigation.com\/#website\"},\"primaryImageOfPage\":{\"@id\":\"https:\/\/www.hastingsirrigation.com\/es\/industrial-tubing\/overview\/#primaryimage\"},\"image\":{\"@id\":\"https:\/\/www.hastingsirrigation.com\/es\/industrial-tubing\/overview\/#primaryimage\"},\"thumbnailUrl\":\"https:\/\/www.hastingsirrigation.com\/wp-content\/uploads\/DSC_8412-300x200.jpg\",\"datePublished\":\"2017-01-25T18:17:36+00:00\",\"dateModified\":\"2017-03-23T17:09:02+00:00\",\"breadcrumb\":{\"@id\":\"https:\/\/www.hastingsirrigation.com\/es\/industrial-tubing\/overview\/#breadcrumb\"},\"inLanguage\":\"es\",\"potentialAction\":[{\"@type\":\"ReadAction\",\"target\":[\"https:\/\/www.hastingsirrigation.com\/es\/industrial-tubing\/overview\/\"]}]},{\"@type\":\"ImageObject\",\"inLanguage\":\"es\",\"@id\":\"https:\/\/www.hastingsirrigation.com\/es\/industrial-tubing\/overview\/#primaryimage\",\"url\":\"https:\/\/www.hastingsirrigation.com\/wp-content\/uploads\/DSC_8412-300x200.jpg\",\"contentUrl\":\"https:\/\/www.hastingsirrigation.com\/wp-content\/uploads\/DSC_8412-300x200.jpg\"},{\"@type\":\"BreadcrumbList\",\"@id\":\"https:\/\/www.hastingsirrigation.com\/es\/industrial-tubing\/overview\/#breadcrumb\",\"itemListElement\":[{\"@type\":\"ListItem\",\"position\":1,\"name\":\"Home\",\"item\":\"https:\/\/www.hastingsirrigation.com\/es\/\"},{\"@type\":\"ListItem\",\"position\":2,\"name\":\"Tubos industriales\",\"item\":\"https:\/\/www.hastingsirrigation.com\/es\/industrial-tubing\/\"},{\"@type\":\"ListItem\",\"position\":3,\"name\":\"Descripci\u00f3n general\"}]},{\"@type\":\"WebSite\",\"@id\":\"https:\/\/www.hastingsirrigation.com\/#website\",\"url\":\"https:\/\/www.hastingsirrigation.com\/\",\"name\":\"Hastings Irrigation Pipe Co.\",\"description\":\"\",\"potentialAction\":[{\"@type\":\"SearchAction\",\"target\":{\"@type\":\"EntryPoint\",\"urlTemplate\":\"https:\/\/www.hastingsirrigation.com\/?s={search_term_string}\"},\"query-input\":{\"@type\":\"PropertyValueSpecification\",\"valueRequired\":true,\"valueName\":\"search_term_string\"}}],\"inLanguage\":\"es\"}]}<\/script>\n<!-- \/ Yoast SEO plugin. -->","yoast_head_json":{"title":"Descripci\u00f3n general - Hastings Irrigation Pipe Co.","robots":{"index":"index","follow":"follow","max-snippet":"max-snippet:-1","max-image-preview":"max-image-preview:large","max-video-preview":"max-video-preview:-1"},"canonical":"https:\/\/www.hastingsirrigation.com\/es\/industrial-tubing\/overview\/","og_locale":"es_ES","og_type":"article","og_title":"Descripci\u00f3n general - Hastings Irrigation Pipe Co.","og_description":"PRODUCTOS DE TUBER\u00cdAS DE HASTINGS IRRIGATION PIPE COMPANY HAN SERVIDO INDUSTRIAL Y LAS NECESIDADES DE LA INDUSTRIA EN TODO EL MUNDO DURANTE SEIS D\u00c9CADAS. La construcci\u00f3n, la transferencia de agua, energ\u00eda y sistemas de vac\u00edo, son s\u00f3lo algunas de las industrias que han sido suministrados con calidad Hastings de grado industrial de tubos y accesorios.","og_url":"https:\/\/www.hastingsirrigation.com\/es\/industrial-tubing\/overview\/","og_site_name":"Hastings Irrigation Pipe Co.","article_modified_time":"2017-03-23T17:09:02+00:00","og_image":[{"url":"https:\/\/www.hastingsirrigation.com\/wp-content\/uploads\/DSC_8412-300x200.jpg","type":"","width":"","height":""}],"twitter_card":"summary_large_image","schema":{"@context":"https:\/\/schema.org","@graph":[{"@type":"WebPage","@id":"https:\/\/www.hastingsirrigation.com\/es\/industrial-tubing\/overview\/","url":"https:\/\/www.hastingsirrigation.com\/es\/industrial-tubing\/overview\/","name":"Descripci\u00f3n general - Hastings Irrigation Pipe Co.","isPartOf":{"@id":"https:\/\/www.hastingsirrigation.com\/#website"},"primaryImageOfPage":{"@id":"https:\/\/www.hastingsirrigation.com\/es\/industrial-tubing\/overview\/#primaryimage"},"image":{"@id":"https:\/\/www.hastingsirrigation.com\/es\/industrial-tubing\/overview\/#primaryimage"},"thumbnailUrl":"https:\/\/www.hastingsirrigation.com\/wp-content\/uploads\/DSC_8412-300x200.jpg","datePublished":"2017-01-25T18:17:36+00:00","dateModified":"2017-03-23T17:09:02+00:00","breadcrumb":{"@id":"https:\/\/www.hastingsirrigation.com\/es\/industrial-tubing\/overview\/#breadcrumb"},"inLanguage":"es","potentialAction":[{"@type":"ReadAction","target":["https:\/\/www.hastingsirrigation.com\/es\/industrial-tubing\/overview\/"]}]},{"@type":"ImageObject","inLanguage":"es","@id":"https:\/\/www.hastingsirrigation.com\/es\/industrial-tubing\/overview\/#primaryimage","url":"https:\/\/www.hastingsirrigation.com\/wp-content\/uploads\/DSC_8412-300x200.jpg","contentUrl":"https:\/\/www.hastingsirrigation.com\/wp-content\/uploads\/DSC_8412-300x200.jpg"},{"@type":"BreadcrumbList","@id":"https:\/\/www.hastingsirrigation.com\/es\/industrial-tubing\/overview\/#breadcrumb","itemListElement":[{"@type":"ListItem","position":1,"name":"Home","item":"https:\/\/www.hastingsirrigation.com\/es\/"},{"@type":"ListItem","position":2,"name":"Tubos industriales","item":"https:\/\/www.hastingsirrigation.com\/es\/industrial-tubing\/"},{"@type":"ListItem","position":3,"name":"Descripci\u00f3n general"}]},{"@type":"WebSite","@id":"https:\/\/www.hastingsirrigation.com\/#website","url":"https:\/\/www.hastingsirrigation.com\/","name":"Hastings Irrigation Pipe Co.","description":"","potentialAction":[{"@type":"SearchAction","target":{"@type":"EntryPoint","urlTemplate":"https:\/\/www.hastingsirrigation.com\/?s={search_term_string}"},"query-input":{"@type":"PropertyValueSpecification","valueRequired":true,"valueName":"search_term_string"}}],"inLanguage":"es"}]}},"_links":{"self":[{"href":"https:\/\/www.hastingsirrigation.com\/es\/wp-json\/wp\/v2\/pages\/416","targetHints":{"allow":["GET"]}}],"collection":[{"href":"https:\/\/www.hastingsirrigation.com\/es\/wp-json\/wp\/v2\/pages"}],"about":[{"href":"https:\/\/www.hastingsirrigation.com\/es\/wp-json\/wp\/v2\/types\/page"}],"author":[{"embeddable":true,"href":"https:\/\/www.hastingsirrigation.com\/es\/wp-json\/wp\/v2\/users\/1"}],"replies":[{"embeddable":true,"href":"https:\/\/www.hastingsirrigation.com\/es\/wp-json\/wp\/v2\/comments?post=416"}],"version-history":[{"count":3,"href":"https:\/\/www.hastingsirrigation.com\/es\/wp-json\/wp\/v2\/pages\/416\/revisions"}],"predecessor-version":[{"id":534,"href":"https:\/\/www.hastingsirrigation.com\/es\/wp-json\/wp\/v2\/pages\/416\/revisions\/534"}],"up":[{"embeddable":true,"href":"https:\/\/www.hastingsirrigation.com\/es\/wp-json\/wp\/v2\/pages\/432"}],"wp:attachment":[{"href":"https:\/\/www.hastingsirrigation.com\/es\/wp-json\/wp\/v2\/media?parent=416"}],"curies":[{"name":"wp","href":"https:\/\/api.w.org\/{rel}","templated":true}]}}