{"id":414,"date":"2017-01-25T12:10:32","date_gmt":"2017-01-25T18:10:32","guid":{"rendered":"https:\/\/www.hastingsirrigation.com\/?page_id=414\/"},"modified":"2017-03-23T12:17:54","modified_gmt":"2017-03-23T17:17:54","slug":"company-profile","status":"publish","type":"page","link":"https:\/\/www.hastingsirrigation.com\/es\/about\/company-profile\/","title":{"rendered":"Perfil de la empresa"},"content":{"rendered":"<h4>NUESTRA MISI\u00d3N<\/h4>\n<p>Nuestra filosof\u00eda en Hastings Irrigation Pipe Company ha sido no s\u00f3lo para desarrollar productos de alto rendimiento, sino tambi\u00e9n para encontrar mejores maneras de utilizar estos productos. La innovaci\u00f3n en la fabricaci\u00f3n de equipos y t\u00e9cnicas son la raz\u00f3n detr\u00e1s de la calidad de los productos que Hastings Irrigation Pipe Company produce. Un esfuerzo constante para mejorar el control de calidad garantiza a nuestros clientes que recibir\u00e1n los productos que proporcionan el m\u00e1ximo rendimiento a\u00f1o tras a\u00f1o.<\/p>\n<h4>PERFIL DE LA EMPRESA<\/h4>\n<p><img loading=\"lazy\" decoding=\"async\" class=\"alignright wp-image-201 size-full\" src=\"https:\/\/www.hastingsirrigation.com\/wp-content\/uploads\/hastings-irrigation-building-2.jpg\" alt=\"Hastings Irrigation | Custom Fabrication | Midwest | Nebraska\" width=\"600\" height=\"431\" srcset=\"https:\/\/www.hastingsirrigation.com\/wp-content\/uploads\/hastings-irrigation-building-2.jpg 600w, https:\/\/www.hastingsirrigation.com\/wp-content\/uploads\/hastings-irrigation-building-2-300x216.jpg 300w, https:\/\/www.hastingsirrigation.com\/wp-content\/uploads\/hastings-irrigation-building-2-278x200.jpg 278w\" sizes=\"auto, (max-width: 600px) 100vw, 600px\" \/>Durante 68 a\u00f1os, Hastings Irrigation Pipe Company ha registrado la experiencia en dise\u00f1o, fabricaci\u00f3n y distribuci\u00f3n de productos de metal ligero. Desde nuestros comienzos en 1949 en un peque\u00f1o garaje en Hastings, Nebraska, elaboramos productos met\u00e1licos que satisfagan las necesidades de nuestros clientes. Comenzamos a producir productos de acero de calibre ligero, acero inoxidable y aluminio, cuando era relativamente nuevo y excitante metal ligero. Hoy en d\u00eda, ofrecemos 220.000 pies cuadrados de espacio de fabricaci\u00f3n en nuestra planta de Hastings, Nebraska y tambi\u00e9n tenemos una planta de tubos en Madera, California. A lo largo de los a\u00f1os hemos comercializado muchos productos de metal ligero de todo el mundo. Muchos de estos productos \u00abespecialidad\u00bb han establecido las normas para su uso espec\u00edfico. La variedad de productos que fabricamos contin\u00faa expandi\u00e9ndose y s\u00f3lo est\u00e1 limitada por la imaginaci\u00f3n de nuestros clientes. Los productos que vendemos hemos enviado a todos los 50 estados y m\u00e1s de 270 pa\u00edses extranjeros. En Hastings Irrigation Pipe Company hemos trabajado arduamente para desarrollar productos de alto rendimiento y tambi\u00e9n para encontrar mejores formas de usar estos productos. Prueba de esta filosof\u00eda de la compa\u00f1\u00eda puede verse en muchas diversas industrias que han utilizado nuestra capacidad: agricultura, arquitectura, construcci\u00f3n, comunicaci\u00f3n electr\u00f3nica, energ\u00eda\/petr\u00f3leo, marina\/navegaci\u00f3n, sistemas meteorol\u00f3gicos, camiones y molinos de tubo. Seguiremos buscando nuevas industrias para servir donde nuestra capacidad para dise\u00f1ar, planos, fundici\u00f3n, prototipos y producir nada se ocupan de metal ligero se ajusta a las necesidades de nuestros clientes. Estamos dispuestos a ofrecer nuestros servicios en cualquier estado de desarrollo, pero creemos que nuestra verdadera fuerza est\u00e1 en el paquete completo &#8211; el dise\u00f1o a trav\u00e9s de la producci\u00f3n. Implican a Hastings temprano y cosechar los frutos.<\/p>\n<p>Hastings Irrigation Pipe Company es miembro de la Asociaci\u00f3n de riego (Irrigation Association).<\/p>\n<p>Paul Hohnstein, el fundador de Hastings Irrigation Pipe Company  fue nombrado Empresario del A\u00f1o en 1995 en Nebraska.<\/p>\n<p>El 12 de septiembre de 1997, Hastings Irrigation Pipe Compnay recibi\u00f3 el Premio del sector de Nebraska sobresaliente presentados por el gobernador de Nebraska, Ben Nelson. Este premio fue en reconocimiento de la importante contribuci\u00f3n a la base econ\u00f3mica y la estabilidad econ\u00f3mica del estado de Nebraska a trav\u00e9s de la exitosa historia de la empresa.<\/p>\n","protected":false},"excerpt":{"rendered":"<p>NUESTRA MISI\u00d3N Nuestra filosof\u00eda en Hastings Irrigation Pipe Company ha sido no s\u00f3lo para desarrollar productos de alto rendimiento, sino tambi\u00e9n para encontrar mejores maneras de utilizar estos productos. La innovaci\u00f3n en la fabricaci\u00f3n de equipos y t\u00e9cnicas son la raz\u00f3n detr\u00e1s de la calidad de los productos que Hastings Irrigation Pipe Company produce. Un [&hellip;]<\/p>\n","protected":false},"author":1,"featured_media":0,"parent":434,"menu_order":10,"comment_status":"closed","ping_status":"closed","template":"","meta":{"_acf_changed":false,"footnotes":""},"class_list":["post-414","page","type-page","status-publish","hentry"],"acf":[],"yoast_head":"<!-- This site is optimized with the Yoast SEO plugin v25.0 - https:\/\/yoast.com\/wordpress\/plugins\/seo\/ -->\n<title>Perfil de la empresa - Hastings Irrigation Pipe Co.<\/title>\n<meta name=\"robots\" content=\"index, follow, max-snippet:-1, max-image-preview:large, max-video-preview:-1\" \/>\n<link rel=\"canonical\" href=\"https:\/\/www.hastingsirrigation.com\/es\/about\/company-profile\/\" \/>\n<meta property=\"og:locale\" content=\"es_ES\" \/>\n<meta property=\"og:type\" content=\"article\" \/>\n<meta property=\"og:title\" content=\"Perfil de la empresa - Hastings Irrigation Pipe Co.\" \/>\n<meta property=\"og:description\" content=\"NUESTRA MISI\u00d3N Nuestra filosof\u00eda en Hastings Irrigation Pipe Company ha sido no s\u00f3lo para desarrollar productos de alto rendimiento, sino tambi\u00e9n para encontrar mejores maneras de utilizar estos productos. La innovaci\u00f3n en la fabricaci\u00f3n de equipos y t\u00e9cnicas son la raz\u00f3n detr\u00e1s de la calidad de los productos que Hastings Irrigation Pipe Company produce. Un [&hellip;]\" \/>\n<meta property=\"og:url\" content=\"https:\/\/www.hastingsirrigation.com\/es\/about\/company-profile\/\" \/>\n<meta property=\"og:site_name\" content=\"Hastings Irrigation Pipe Co.\" \/>\n<meta property=\"article:modified_time\" content=\"2017-03-23T17:17:54+00:00\" \/>\n<meta property=\"og:image\" content=\"https:\/\/www.hastingsirrigation.com\/wp-content\/uploads\/hastings-irrigation-building-2.jpg\" \/>\n<meta name=\"twitter:card\" content=\"summary_large_image\" \/>\n<meta name=\"twitter:label1\" content=\"Tiempo de lectura\" \/>\n\t<meta name=\"twitter:data1\" content=\"2 minutos\" \/>\n<script type=\"application\/ld+json\" class=\"yoast-schema-graph\">{\"@context\":\"https:\/\/schema.org\",\"@graph\":[{\"@type\":\"WebPage\",\"@id\":\"https:\/\/www.hastingsirrigation.com\/es\/about\/company-profile\/\",\"url\":\"https:\/\/www.hastingsirrigation.com\/es\/about\/company-profile\/\",\"name\":\"Perfil de la empresa - Hastings Irrigation Pipe Co.\",\"isPartOf\":{\"@id\":\"https:\/\/www.hastingsirrigation.com\/#website\"},\"primaryImageOfPage\":{\"@id\":\"https:\/\/www.hastingsirrigation.com\/es\/about\/company-profile\/#primaryimage\"},\"image\":{\"@id\":\"https:\/\/www.hastingsirrigation.com\/es\/about\/company-profile\/#primaryimage\"},\"thumbnailUrl\":\"https:\/\/www.hastingsirrigation.com\/wp-content\/uploads\/hastings-irrigation-building-2.jpg\",\"datePublished\":\"2017-01-25T18:10:32+00:00\",\"dateModified\":\"2017-03-23T17:17:54+00:00\",\"breadcrumb\":{\"@id\":\"https:\/\/www.hastingsirrigation.com\/es\/about\/company-profile\/#breadcrumb\"},\"inLanguage\":\"es\",\"potentialAction\":[{\"@type\":\"ReadAction\",\"target\":[\"https:\/\/www.hastingsirrigation.com\/es\/about\/company-profile\/\"]}]},{\"@type\":\"ImageObject\",\"inLanguage\":\"es\",\"@id\":\"https:\/\/www.hastingsirrigation.com\/es\/about\/company-profile\/#primaryimage\",\"url\":\"https:\/\/www.hastingsirrigation.com\/wp-content\/uploads\/hastings-irrigation-building-2.jpg\",\"contentUrl\":\"https:\/\/www.hastingsirrigation.com\/wp-content\/uploads\/hastings-irrigation-building-2.jpg\"},{\"@type\":\"BreadcrumbList\",\"@id\":\"https:\/\/www.hastingsirrigation.com\/es\/about\/company-profile\/#breadcrumb\",\"itemListElement\":[{\"@type\":\"ListItem\",\"position\":1,\"name\":\"Home\",\"item\":\"https:\/\/www.hastingsirrigation.com\/es\/\"},{\"@type\":\"ListItem\",\"position\":2,\"name\":\"Acerca de la empresa\",\"item\":\"https:\/\/www.hastingsirrigation.com\/es\/about\/\"},{\"@type\":\"ListItem\",\"position\":3,\"name\":\"Perfil de la empresa\"}]},{\"@type\":\"WebSite\",\"@id\":\"https:\/\/www.hastingsirrigation.com\/#website\",\"url\":\"https:\/\/www.hastingsirrigation.com\/\",\"name\":\"Hastings Irrigation Pipe Co.\",\"description\":\"\",\"potentialAction\":[{\"@type\":\"SearchAction\",\"target\":{\"@type\":\"EntryPoint\",\"urlTemplate\":\"https:\/\/www.hastingsirrigation.com\/?s={search_term_string}\"},\"query-input\":{\"@type\":\"PropertyValueSpecification\",\"valueRequired\":true,\"valueName\":\"search_term_string\"}}],\"inLanguage\":\"es\"}]}<\/script>\n<!-- \/ Yoast SEO plugin. -->","yoast_head_json":{"title":"Perfil de la empresa - Hastings Irrigation Pipe Co.","robots":{"index":"index","follow":"follow","max-snippet":"max-snippet:-1","max-image-preview":"max-image-preview:large","max-video-preview":"max-video-preview:-1"},"canonical":"https:\/\/www.hastingsirrigation.com\/es\/about\/company-profile\/","og_locale":"es_ES","og_type":"article","og_title":"Perfil de la empresa - Hastings Irrigation Pipe Co.","og_description":"NUESTRA MISI\u00d3N Nuestra filosof\u00eda en Hastings Irrigation Pipe Company ha sido no s\u00f3lo para desarrollar productos de alto rendimiento, sino tambi\u00e9n para encontrar mejores maneras de utilizar estos productos. La innovaci\u00f3n en la fabricaci\u00f3n de equipos y t\u00e9cnicas son la raz\u00f3n detr\u00e1s de la calidad de los productos que Hastings Irrigation Pipe Company produce. Un [&hellip;]","og_url":"https:\/\/www.hastingsirrigation.com\/es\/about\/company-profile\/","og_site_name":"Hastings Irrigation Pipe Co.","article_modified_time":"2017-03-23T17:17:54+00:00","og_image":[{"url":"https:\/\/www.hastingsirrigation.com\/wp-content\/uploads\/hastings-irrigation-building-2.jpg","type":"","width":"","height":""}],"twitter_card":"summary_large_image","twitter_misc":{"Tiempo de lectura":"2 minutos"},"schema":{"@context":"https:\/\/schema.org","@graph":[{"@type":"WebPage","@id":"https:\/\/www.hastingsirrigation.com\/es\/about\/company-profile\/","url":"https:\/\/www.hastingsirrigation.com\/es\/about\/company-profile\/","name":"Perfil de la empresa - Hastings Irrigation Pipe Co.","isPartOf":{"@id":"https:\/\/www.hastingsirrigation.com\/#website"},"primaryImageOfPage":{"@id":"https:\/\/www.hastingsirrigation.com\/es\/about\/company-profile\/#primaryimage"},"image":{"@id":"https:\/\/www.hastingsirrigation.com\/es\/about\/company-profile\/#primaryimage"},"thumbnailUrl":"https:\/\/www.hastingsirrigation.com\/wp-content\/uploads\/hastings-irrigation-building-2.jpg","datePublished":"2017-01-25T18:10:32+00:00","dateModified":"2017-03-23T17:17:54+00:00","breadcrumb":{"@id":"https:\/\/www.hastingsirrigation.com\/es\/about\/company-profile\/#breadcrumb"},"inLanguage":"es","potentialAction":[{"@type":"ReadAction","target":["https:\/\/www.hastingsirrigation.com\/es\/about\/company-profile\/"]}]},{"@type":"ImageObject","inLanguage":"es","@id":"https:\/\/www.hastingsirrigation.com\/es\/about\/company-profile\/#primaryimage","url":"https:\/\/www.hastingsirrigation.com\/wp-content\/uploads\/hastings-irrigation-building-2.jpg","contentUrl":"https:\/\/www.hastingsirrigation.com\/wp-content\/uploads\/hastings-irrigation-building-2.jpg"},{"@type":"BreadcrumbList","@id":"https:\/\/www.hastingsirrigation.com\/es\/about\/company-profile\/#breadcrumb","itemListElement":[{"@type":"ListItem","position":1,"name":"Home","item":"https:\/\/www.hastingsirrigation.com\/es\/"},{"@type":"ListItem","position":2,"name":"Acerca de la empresa","item":"https:\/\/www.hastingsirrigation.com\/es\/about\/"},{"@type":"ListItem","position":3,"name":"Perfil de la empresa"}]},{"@type":"WebSite","@id":"https:\/\/www.hastingsirrigation.com\/#website","url":"https:\/\/www.hastingsirrigation.com\/","name":"Hastings Irrigation Pipe Co.","description":"","potentialAction":[{"@type":"SearchAction","target":{"@type":"EntryPoint","urlTemplate":"https:\/\/www.hastingsirrigation.com\/?s={search_term_string}"},"query-input":{"@type":"PropertyValueSpecification","valueRequired":true,"valueName":"search_term_string"}}],"inLanguage":"es"}]}},"_links":{"self":[{"href":"https:\/\/www.hastingsirrigation.com\/es\/wp-json\/wp\/v2\/pages\/414","targetHints":{"allow":["GET"]}}],"collection":[{"href":"https:\/\/www.hastingsirrigation.com\/es\/wp-json\/wp\/v2\/pages"}],"about":[{"href":"https:\/\/www.hastingsirrigation.com\/es\/wp-json\/wp\/v2\/types\/page"}],"author":[{"embeddable":true,"href":"https:\/\/www.hastingsirrigation.com\/es\/wp-json\/wp\/v2\/users\/1"}],"replies":[{"embeddable":true,"href":"https:\/\/www.hastingsirrigation.com\/es\/wp-json\/wp\/v2\/comments?post=414"}],"version-history":[{"count":2,"href":"https:\/\/www.hastingsirrigation.com\/es\/wp-json\/wp\/v2\/pages\/414\/revisions"}],"predecessor-version":[{"id":547,"href":"https:\/\/www.hastingsirrigation.com\/es\/wp-json\/wp\/v2\/pages\/414\/revisions\/547"}],"up":[{"embeddable":true,"href":"https:\/\/www.hastingsirrigation.com\/es\/wp-json\/wp\/v2\/pages\/434"}],"wp:attachment":[{"href":"https:\/\/www.hastingsirrigation.com\/es\/wp-json\/wp\/v2\/media?parent=414"}],"curies":[{"name":"wp","href":"https:\/\/api.w.org\/{rel}","templated":true}]}}