{"id":402,"date":"2017-01-25T11:33:36","date_gmt":"2017-01-25T17:33:36","guid":{"rendered":"https:\/\/www.hastingsirrigation.com\/?page_id=402\/"},"modified":"2017-03-23T12:16:09","modified_gmt":"2017-03-23T17:16:09","slug":"powder-coating","status":"publish","type":"page","link":"https:\/\/www.hastingsirrigation.com\/es\/services-and-equipment\/powder-coating\/","title":{"rendered":"Recubrimiento de polvo"},"content":{"rendered":"<div id=\"pl-402\"  class=\"panel-layout\" ><div id=\"pg-402-0\"  class=\"panel-grid panel-no-style\" ><div id=\"pgc-402-0-0\"  class=\"panel-grid-cell\" ><div id=\"panel-402-0-0-0\" class=\"so-panel widget_black-studio-tinymce widget_black_studio_tinymce panel-first-child\" data-index=\"0\" ><div class=\"textwidget\"><h4>RECUBRIMIENTO DE POLVO ES EL \u00daLTIMO DEPARTAMENTO PERSONALIZADO DE HASTINGS IRRIGATION PIPE COMPNY.<\/h4>\n<p style=\"text-align: center;\">El departamento de recubrimiento en polvo fue dise\u00f1ado especialmente para hacer uso de las \u00faltimas tecnolog\u00edas y a acoger a un gran n\u00famero de necesidades. Adjunto el stand es lo suficientemente grande para manejar elementos de gran tama\u00f1o. Hay una variedad de racks que permiten un gran n\u00famero de piezas peque\u00f1as para ser recubierto en un ciclo. La l\u00ednea de pintura en polvo tambi\u00e9n incluye un sistema de lavado y tratamiento qu\u00edmico (con capacidad de hasta nueve etapas) junto con un horno de curado controlado autom\u00e1ticamente y seque el t\u00fanel. Una gran variedad de colores disponibles para elegir. Embalaje especial est\u00e1 disponible desde el dise\u00f1o hasta la serigraf\u00eda y embalaje.<\/p>\n<\/div><\/div><div id=\"panel-402-0-0-1\" class=\"so-panel widget_gallery gallery-widget panel-last-child\" data-index=\"1\" >\t\t\t<div class=\"gallery\">\n\t\t\t\t\t\t\t\t\t<div class=\"gallery-thumbnail\">\n\t\t\t\t\t\t<a href=\"https:\/\/www.hastingsirrigation.com\/wp-content\/uploads\/DSC_8278.jpg\" class=\"lightbox\" rel=\"gallery-69fec06856536\"><img decoding=\"async\" src=\"https:\/\/www.hastingsirrigation.com\/wp-content\/uploads\/DSC_8278-300x200.jpg\"><\/a>\n\t\t\t\t\t<\/div><!-- .gallery-thumbnail -->\n\t\t\t\t\t\t\t\t\t\t<div class=\"gallery-thumbnail\">\n\t\t\t\t\t\t<a href=\"https:\/\/www.hastingsirrigation.com\/wp-content\/uploads\/DSC_8307.jpg\" class=\"lightbox\" rel=\"gallery-69fec06856536\"><img decoding=\"async\" src=\"https:\/\/www.hastingsirrigation.com\/wp-content\/uploads\/DSC_8307-300x200.jpg\"><\/a>\n\t\t\t\t\t<\/div><!-- .gallery-thumbnail -->\n\t\t\t\t\t\t\t\t\t\t<div class=\"gallery-thumbnail\">\n\t\t\t\t\t\t<a href=\"https:\/\/www.hastingsirrigation.com\/wp-content\/uploads\/DSC_8391.jpg\" class=\"lightbox\" rel=\"gallery-69fec06856536\"><img decoding=\"async\" src=\"https:\/\/www.hastingsirrigation.com\/wp-content\/uploads\/DSC_8391-300x200.jpg\"><\/a>\n\t\t\t\t\t<\/div><!-- .gallery-thumbnail -->\n\t\t\t\t\t\t\t\t\t\t<div class=\"gallery-thumbnail\">\n\t\t\t\t\t\t<a href=\"https:\/\/www.hastingsirrigation.com\/wp-content\/uploads\/DSC_8396.jpg\" class=\"lightbox\" rel=\"gallery-69fec06856536\"><img decoding=\"async\" src=\"https:\/\/www.hastingsirrigation.com\/wp-content\/uploads\/DSC_8396-300x200.jpg\"><\/a>\n\t\t\t\t\t<\/div><!-- .gallery-thumbnail -->\n\t\t\t\t\t\t\t\t\t\t<div class=\"gallery-thumbnail\">\n\t\t\t\t\t\t<a href=\"https:\/\/www.hastingsirrigation.com\/wp-content\/uploads\/DSC_8404.jpg\" class=\"lightbox\" rel=\"gallery-69fec06856536\"><img decoding=\"async\" src=\"https:\/\/www.hastingsirrigation.com\/wp-content\/uploads\/DSC_8404-300x200.jpg\"><\/a>\n\t\t\t\t\t<\/div><!-- .gallery-thumbnail -->\n\t\t\t\t\t\t\t\t<\/div>\n\t\t\t<\/div><\/div><\/div><\/div>","protected":false},"excerpt":{"rendered":"<p>RECUBRIMIENTO DE POLVO ES EL \u00daLTIMO DEPARTAMENTO PERSONALIZADO DE HASTINGS IRRIGATION PIPE COMPNY. El departamento de recubrimiento en polvo fue dise\u00f1ado especialmente para hacer uso de las \u00faltimas tecnolog\u00edas y a acoger a un gran n\u00famero de necesidades. Adjunto el stand es lo suficientemente grande para manejar elementos de gran tama\u00f1o. Hay una variedad de [&hellip;]<\/p>\n","protected":false},"author":1,"featured_media":0,"parent":436,"menu_order":7,"comment_status":"closed","ping_status":"closed","template":"","meta":{"_acf_changed":false,"footnotes":""},"class_list":["post-402","page","type-page","status-publish","hentry"],"acf":[],"yoast_head":"<!-- This site is optimized with the Yoast SEO plugin v25.0 - https:\/\/yoast.com\/wordpress\/plugins\/seo\/ -->\n<title>Recubrimiento de polvo - Hastings Irrigation Pipe Co.<\/title>\n<meta name=\"robots\" content=\"index, follow, max-snippet:-1, max-image-preview:large, max-video-preview:-1\" \/>\n<link rel=\"canonical\" href=\"https:\/\/www.hastingsirrigation.com\/es\/services-and-equipment\/powder-coating\/\" \/>\n<meta property=\"og:locale\" content=\"es_ES\" \/>\n<meta property=\"og:type\" content=\"article\" \/>\n<meta property=\"og:title\" content=\"Recubrimiento de polvo - Hastings Irrigation Pipe Co.\" \/>\n<meta property=\"og:description\" content=\"RECUBRIMIENTO DE POLVO ES EL \u00daLTIMO DEPARTAMENTO PERSONALIZADO DE HASTINGS IRRIGATION PIPE COMPNY. El departamento de recubrimiento en polvo fue dise\u00f1ado especialmente para hacer uso de las \u00faltimas tecnolog\u00edas y a acoger a un gran n\u00famero de necesidades. Adjunto el stand es lo suficientemente grande para manejar elementos de gran tama\u00f1o. Hay una variedad de [&hellip;]\" \/>\n<meta property=\"og:url\" content=\"https:\/\/www.hastingsirrigation.com\/es\/services-and-equipment\/powder-coating\/\" \/>\n<meta property=\"og:site_name\" content=\"Hastings Irrigation Pipe Co.\" \/>\n<meta property=\"article:modified_time\" content=\"2017-03-23T17:16:09+00:00\" \/>\n<meta property=\"og:image\" content=\"https:\/\/www.hastingsirrigation.com\/wp-content\/uploads\/DSC_8278-300x200.jpg\" \/>\n<meta name=\"twitter:card\" content=\"summary_large_image\" \/>\n<meta name=\"twitter:label1\" content=\"Tiempo de lectura\" \/>\n\t<meta name=\"twitter:data1\" content=\"1 minuto\" \/>\n<script type=\"application\/ld+json\" class=\"yoast-schema-graph\">{\"@context\":\"https:\/\/schema.org\",\"@graph\":[{\"@type\":\"WebPage\",\"@id\":\"https:\/\/www.hastingsirrigation.com\/es\/services-and-equipment\/powder-coating\/\",\"url\":\"https:\/\/www.hastingsirrigation.com\/es\/services-and-equipment\/powder-coating\/\",\"name\":\"Recubrimiento de polvo - Hastings Irrigation Pipe Co.\",\"isPartOf\":{\"@id\":\"https:\/\/www.hastingsirrigation.com\/#website\"},\"primaryImageOfPage\":{\"@id\":\"https:\/\/www.hastingsirrigation.com\/es\/services-and-equipment\/powder-coating\/#primaryimage\"},\"image\":{\"@id\":\"https:\/\/www.hastingsirrigation.com\/es\/services-and-equipment\/powder-coating\/#primaryimage\"},\"thumbnailUrl\":\"https:\/\/www.hastingsirrigation.com\/wp-content\/uploads\/DSC_8278-300x200.jpg\",\"datePublished\":\"2017-01-25T17:33:36+00:00\",\"dateModified\":\"2017-03-23T17:16:09+00:00\",\"breadcrumb\":{\"@id\":\"https:\/\/www.hastingsirrigation.com\/es\/services-and-equipment\/powder-coating\/#breadcrumb\"},\"inLanguage\":\"es\",\"potentialAction\":[{\"@type\":\"ReadAction\",\"target\":[\"https:\/\/www.hastingsirrigation.com\/es\/services-and-equipment\/powder-coating\/\"]}]},{\"@type\":\"ImageObject\",\"inLanguage\":\"es\",\"@id\":\"https:\/\/www.hastingsirrigation.com\/es\/services-and-equipment\/powder-coating\/#primaryimage\",\"url\":\"https:\/\/www.hastingsirrigation.com\/wp-content\/uploads\/DSC_8278-300x200.jpg\",\"contentUrl\":\"https:\/\/www.hastingsirrigation.com\/wp-content\/uploads\/DSC_8278-300x200.jpg\"},{\"@type\":\"BreadcrumbList\",\"@id\":\"https:\/\/www.hastingsirrigation.com\/es\/services-and-equipment\/powder-coating\/#breadcrumb\",\"itemListElement\":[{\"@type\":\"ListItem\",\"position\":1,\"name\":\"Home\",\"item\":\"https:\/\/www.hastingsirrigation.com\/es\/\"},{\"@type\":\"ListItem\",\"position\":2,\"name\":\"Servicios y equipos\",\"item\":\"https:\/\/www.hastingsirrigation.com\/es\/services-and-equipment\/\"},{\"@type\":\"ListItem\",\"position\":3,\"name\":\"Recubrimiento de polvo\"}]},{\"@type\":\"WebSite\",\"@id\":\"https:\/\/www.hastingsirrigation.com\/#website\",\"url\":\"https:\/\/www.hastingsirrigation.com\/\",\"name\":\"Hastings Irrigation Pipe Co.\",\"description\":\"\",\"potentialAction\":[{\"@type\":\"SearchAction\",\"target\":{\"@type\":\"EntryPoint\",\"urlTemplate\":\"https:\/\/www.hastingsirrigation.com\/?s={search_term_string}\"},\"query-input\":{\"@type\":\"PropertyValueSpecification\",\"valueRequired\":true,\"valueName\":\"search_term_string\"}}],\"inLanguage\":\"es\"}]}<\/script>\n<!-- \/ Yoast SEO plugin. -->","yoast_head_json":{"title":"Recubrimiento de polvo - Hastings Irrigation Pipe Co.","robots":{"index":"index","follow":"follow","max-snippet":"max-snippet:-1","max-image-preview":"max-image-preview:large","max-video-preview":"max-video-preview:-1"},"canonical":"https:\/\/www.hastingsirrigation.com\/es\/services-and-equipment\/powder-coating\/","og_locale":"es_ES","og_type":"article","og_title":"Recubrimiento de polvo - Hastings Irrigation Pipe Co.","og_description":"RECUBRIMIENTO DE POLVO ES EL \u00daLTIMO DEPARTAMENTO PERSONALIZADO DE HASTINGS IRRIGATION PIPE COMPNY. El departamento de recubrimiento en polvo fue dise\u00f1ado especialmente para hacer uso de las \u00faltimas tecnolog\u00edas y a acoger a un gran n\u00famero de necesidades. Adjunto el stand es lo suficientemente grande para manejar elementos de gran tama\u00f1o. Hay una variedad de [&hellip;]","og_url":"https:\/\/www.hastingsirrigation.com\/es\/services-and-equipment\/powder-coating\/","og_site_name":"Hastings Irrigation Pipe Co.","article_modified_time":"2017-03-23T17:16:09+00:00","og_image":[{"url":"https:\/\/www.hastingsirrigation.com\/wp-content\/uploads\/DSC_8278-300x200.jpg","type":"","width":"","height":""}],"twitter_card":"summary_large_image","twitter_misc":{"Tiempo de lectura":"1 minuto"},"schema":{"@context":"https:\/\/schema.org","@graph":[{"@type":"WebPage","@id":"https:\/\/www.hastingsirrigation.com\/es\/services-and-equipment\/powder-coating\/","url":"https:\/\/www.hastingsirrigation.com\/es\/services-and-equipment\/powder-coating\/","name":"Recubrimiento de polvo - Hastings Irrigation Pipe Co.","isPartOf":{"@id":"https:\/\/www.hastingsirrigation.com\/#website"},"primaryImageOfPage":{"@id":"https:\/\/www.hastingsirrigation.com\/es\/services-and-equipment\/powder-coating\/#primaryimage"},"image":{"@id":"https:\/\/www.hastingsirrigation.com\/es\/services-and-equipment\/powder-coating\/#primaryimage"},"thumbnailUrl":"https:\/\/www.hastingsirrigation.com\/wp-content\/uploads\/DSC_8278-300x200.jpg","datePublished":"2017-01-25T17:33:36+00:00","dateModified":"2017-03-23T17:16:09+00:00","breadcrumb":{"@id":"https:\/\/www.hastingsirrigation.com\/es\/services-and-equipment\/powder-coating\/#breadcrumb"},"inLanguage":"es","potentialAction":[{"@type":"ReadAction","target":["https:\/\/www.hastingsirrigation.com\/es\/services-and-equipment\/powder-coating\/"]}]},{"@type":"ImageObject","inLanguage":"es","@id":"https:\/\/www.hastingsirrigation.com\/es\/services-and-equipment\/powder-coating\/#primaryimage","url":"https:\/\/www.hastingsirrigation.com\/wp-content\/uploads\/DSC_8278-300x200.jpg","contentUrl":"https:\/\/www.hastingsirrigation.com\/wp-content\/uploads\/DSC_8278-300x200.jpg"},{"@type":"BreadcrumbList","@id":"https:\/\/www.hastingsirrigation.com\/es\/services-and-equipment\/powder-coating\/#breadcrumb","itemListElement":[{"@type":"ListItem","position":1,"name":"Home","item":"https:\/\/www.hastingsirrigation.com\/es\/"},{"@type":"ListItem","position":2,"name":"Servicios y equipos","item":"https:\/\/www.hastingsirrigation.com\/es\/services-and-equipment\/"},{"@type":"ListItem","position":3,"name":"Recubrimiento de polvo"}]},{"@type":"WebSite","@id":"https:\/\/www.hastingsirrigation.com\/#website","url":"https:\/\/www.hastingsirrigation.com\/","name":"Hastings Irrigation Pipe Co.","description":"","potentialAction":[{"@type":"SearchAction","target":{"@type":"EntryPoint","urlTemplate":"https:\/\/www.hastingsirrigation.com\/?s={search_term_string}"},"query-input":{"@type":"PropertyValueSpecification","valueRequired":true,"valueName":"search_term_string"}}],"inLanguage":"es"}]}},"_links":{"self":[{"href":"https:\/\/www.hastingsirrigation.com\/es\/wp-json\/wp\/v2\/pages\/402","targetHints":{"allow":["GET"]}}],"collection":[{"href":"https:\/\/www.hastingsirrigation.com\/es\/wp-json\/wp\/v2\/pages"}],"about":[{"href":"https:\/\/www.hastingsirrigation.com\/es\/wp-json\/wp\/v2\/types\/page"}],"author":[{"embeddable":true,"href":"https:\/\/www.hastingsirrigation.com\/es\/wp-json\/wp\/v2\/users\/1"}],"replies":[{"embeddable":true,"href":"https:\/\/www.hastingsirrigation.com\/es\/wp-json\/wp\/v2\/comments?post=402"}],"version-history":[{"count":2,"href":"https:\/\/www.hastingsirrigation.com\/es\/wp-json\/wp\/v2\/pages\/402\/revisions"}],"predecessor-version":[{"id":544,"href":"https:\/\/www.hastingsirrigation.com\/es\/wp-json\/wp\/v2\/pages\/402\/revisions\/544"}],"up":[{"embeddable":true,"href":"https:\/\/www.hastingsirrigation.com\/es\/wp-json\/wp\/v2\/pages\/436"}],"wp:attachment":[{"href":"https:\/\/www.hastingsirrigation.com\/es\/wp-json\/wp\/v2\/media?parent=402"}],"curies":[{"name":"wp","href":"https:\/\/api.w.org\/{rel}","templated":true}]}}