{"id":394,"date":"2017-01-25T11:02:17","date_gmt":"2017-01-25T17:02:17","guid":{"rendered":"https:\/\/www.hastingsirrigation.com\/?page_id=394\/"},"modified":"2017-03-23T12:16:40","modified_gmt":"2017-03-23T17:16:40","slug":"welding","status":"publish","type":"page","link":"https:\/\/www.hastingsirrigation.com\/es\/services-and-equipment\/welding\/","title":{"rendered":"Soldadura"},"content":{"rendered":"<div id=\"pl-394\"  class=\"panel-layout\" ><div id=\"pg-394-0\"  class=\"panel-grid panel-no-style\" ><div id=\"pgc-394-0-0\"  class=\"panel-grid-cell\" ><div id=\"panel-394-0-0-0\" class=\"so-panel widget_black-studio-tinymce widget_black_studio_tinymce panel-first-child panel-last-child\" data-index=\"0\" ><div class=\"textwidget\"><h4 style=\"text-align: center;\">NUESTRA EXPERIENCIA DE SOLDADURA ES S\u00d3LO OTRA RAZ\u00d3N POR LA CUAL USTED QUIERE ASOCIARSE CON HASTINGS IRRIGATION PIPE COMPANY.<\/h4>\n<p style=\"text-align: center;\">Tenemos capacidades en mig, tig, rob\u00f3tica y la soldadura por puntos. Estas capacidades de soldadura nos permiten fabricar piezas soldadas hechas de acero galvanizado, galvaneel, acero al carbono, aluminio y acero inoxidable.<\/p>\n<\/div><\/div><\/div><\/div><div id=\"pg-394-1\"  class=\"panel-grid panel-no-style\" ><div id=\"pgc-394-1-0\"  class=\"panel-grid-cell\" ><div id=\"panel-394-1-0-0\" class=\"so-panel widget_black-studio-tinymce widget_black_studio_tinymce panel-first-child panel-last-child\" data-index=\"1\" ><div class=\"textwidget\"><\/div><\/div><\/div><div id=\"pgc-394-1-1\"  class=\"panel-grid-cell\" ><div id=\"panel-394-1-1-0\" class=\"so-panel widget_black-studio-tinymce widget_black_studio_tinymce panel-first-child panel-last-child\" data-index=\"2\" ><div class=\"textwidget\"><p><a class=\"lightbox\" href=\"https:\/\/www.hastingsirrigation.com\/wp-content\/uploads\/DSC_8353.jpg\" rel=\"gallery-584887012966c\"><img decoding=\"async\" src=\"https:\/\/www.hastingsirrigation.com\/wp-content\/uploads\/DSC_8353-300x200.jpg\" \/><\/a> <\/p>\n<\/div><\/div><\/div><div id=\"pgc-394-1-2\"  class=\"panel-grid-cell\" ><div id=\"panel-394-1-2-0\" class=\"so-panel widget_black-studio-tinymce widget_black_studio_tinymce panel-first-child panel-last-child\" data-index=\"3\" ><div class=\"textwidget\"><p><a class=\"lightbox\" href=\"https:\/\/www.hastingsirrigation.com\/wp-content\/uploads\/DSC_8371.jpg\" rel=\"gallery-584887012966c\"><img decoding=\"async\" src=\"https:\/\/www.hastingsirrigation.com\/wp-content\/uploads\/DSC_8371-300x200.jpg\" \/><\/a> <\/p>\n<\/div><\/div><\/div><div id=\"pgc-394-1-3\"  class=\"panel-grid-cell\" ><div id=\"panel-394-1-3-0\" class=\"so-panel widget_black-studio-tinymce widget_black_studio_tinymce panel-first-child panel-last-child\" data-index=\"4\" ><div class=\"textwidget\"><p><a class=\"lightbox\" href=\"https:\/\/www.hastingsirrigation.com\/wp-content\/uploads\/DSC_8380.jpg\" rel=\"gallery-584887012966c\"><img decoding=\"async\" src=\"https:\/\/www.hastingsirrigation.com\/wp-content\/uploads\/DSC_8380-300x200.jpg\" \/><\/a><\/p>\n<\/div><\/div><\/div><div id=\"pgc-394-1-4\"  class=\"panel-grid-cell\" ><div id=\"panel-394-1-4-0\" class=\"so-panel widget_black-studio-tinymce widget_black_studio_tinymce panel-first-child panel-last-child\" data-index=\"5\" ><div class=\"textwidget\"><\/div><\/div><\/div><\/div><\/div>","protected":false},"excerpt":{"rendered":"<p>NUESTRA EXPERIENCIA DE SOLDADURA ES S\u00d3LO OTRA RAZ\u00d3N POR LA CUAL USTED QUIERE ASOCIARSE CON HASTINGS IRRIGATION PIPE COMPANY.Tenemos capacidades en mig, tig, rob\u00f3tica y la soldadura por puntos. Estas capacidades de soldadura nos permiten fabricar piezas soldadas hechas de acero galvanizado, galvaneel, acero al carbono, aluminio y acero inoxidable.<\/p>\n","protected":false},"author":1,"featured_media":0,"parent":436,"menu_order":8,"comment_status":"closed","ping_status":"closed","template":"","meta":{"_acf_changed":false,"footnotes":""},"class_list":["post-394","page","type-page","status-publish","hentry"],"acf":[],"yoast_head":"<!-- This site is optimized with the Yoast SEO plugin v25.0 - https:\/\/yoast.com\/wordpress\/plugins\/seo\/ -->\n<title>Soldadura - Hastings Irrigation Pipe Co.<\/title>\n<meta name=\"robots\" content=\"index, follow, max-snippet:-1, max-image-preview:large, max-video-preview:-1\" \/>\n<link rel=\"canonical\" href=\"https:\/\/www.hastingsirrigation.com\/es\/services-and-equipment\/welding\/\" \/>\n<meta property=\"og:locale\" content=\"es_ES\" \/>\n<meta property=\"og:type\" content=\"article\" \/>\n<meta property=\"og:title\" content=\"Soldadura - Hastings Irrigation Pipe Co.\" \/>\n<meta property=\"og:description\" content=\"NUESTRA EXPERIENCIA DE SOLDADURA ES S\u00d3LO OTRA RAZ\u00d3N POR LA CUAL USTED QUIERE ASOCIARSE CON HASTINGS IRRIGATION PIPE COMPANY.Tenemos capacidades en mig, tig, rob\u00f3tica y la soldadura por puntos. Estas capacidades de soldadura nos permiten fabricar piezas soldadas hechas de acero galvanizado, galvaneel, acero al carbono, aluminio y acero inoxidable.\" \/>\n<meta property=\"og:url\" content=\"https:\/\/www.hastingsirrigation.com\/es\/services-and-equipment\/welding\/\" \/>\n<meta property=\"og:site_name\" content=\"Hastings Irrigation Pipe Co.\" \/>\n<meta property=\"article:modified_time\" content=\"2017-03-23T17:16:40+00:00\" \/>\n<meta property=\"og:image\" content=\"https:\/\/www.hastingsirrigation.com\/wp-content\/uploads\/DSC_8353-300x200.jpg\" \/>\n<meta name=\"twitter:card\" content=\"summary_large_image\" \/>\n<script type=\"application\/ld+json\" class=\"yoast-schema-graph\">{\"@context\":\"https:\/\/schema.org\",\"@graph\":[{\"@type\":\"WebPage\",\"@id\":\"https:\/\/www.hastingsirrigation.com\/es\/services-and-equipment\/welding\/\",\"url\":\"https:\/\/www.hastingsirrigation.com\/es\/services-and-equipment\/welding\/\",\"name\":\"Soldadura - Hastings Irrigation Pipe Co.\",\"isPartOf\":{\"@id\":\"https:\/\/www.hastingsirrigation.com\/#website\"},\"primaryImageOfPage\":{\"@id\":\"https:\/\/www.hastingsirrigation.com\/es\/services-and-equipment\/welding\/#primaryimage\"},\"image\":{\"@id\":\"https:\/\/www.hastingsirrigation.com\/es\/services-and-equipment\/welding\/#primaryimage\"},\"thumbnailUrl\":\"https:\/\/www.hastingsirrigation.com\/wp-content\/uploads\/DSC_8353-300x200.jpg\",\"datePublished\":\"2017-01-25T17:02:17+00:00\",\"dateModified\":\"2017-03-23T17:16:40+00:00\",\"breadcrumb\":{\"@id\":\"https:\/\/www.hastingsirrigation.com\/es\/services-and-equipment\/welding\/#breadcrumb\"},\"inLanguage\":\"es\",\"potentialAction\":[{\"@type\":\"ReadAction\",\"target\":[\"https:\/\/www.hastingsirrigation.com\/es\/services-and-equipment\/welding\/\"]}]},{\"@type\":\"ImageObject\",\"inLanguage\":\"es\",\"@id\":\"https:\/\/www.hastingsirrigation.com\/es\/services-and-equipment\/welding\/#primaryimage\",\"url\":\"https:\/\/www.hastingsirrigation.com\/wp-content\/uploads\/DSC_8353-300x200.jpg\",\"contentUrl\":\"https:\/\/www.hastingsirrigation.com\/wp-content\/uploads\/DSC_8353-300x200.jpg\"},{\"@type\":\"BreadcrumbList\",\"@id\":\"https:\/\/www.hastingsirrigation.com\/es\/services-and-equipment\/welding\/#breadcrumb\",\"itemListElement\":[{\"@type\":\"ListItem\",\"position\":1,\"name\":\"Home\",\"item\":\"https:\/\/www.hastingsirrigation.com\/es\/\"},{\"@type\":\"ListItem\",\"position\":2,\"name\":\"Servicios y equipos\",\"item\":\"https:\/\/www.hastingsirrigation.com\/es\/services-and-equipment\/\"},{\"@type\":\"ListItem\",\"position\":3,\"name\":\"Soldadura\"}]},{\"@type\":\"WebSite\",\"@id\":\"https:\/\/www.hastingsirrigation.com\/#website\",\"url\":\"https:\/\/www.hastingsirrigation.com\/\",\"name\":\"Hastings Irrigation Pipe Co.\",\"description\":\"\",\"potentialAction\":[{\"@type\":\"SearchAction\",\"target\":{\"@type\":\"EntryPoint\",\"urlTemplate\":\"https:\/\/www.hastingsirrigation.com\/?s={search_term_string}\"},\"query-input\":{\"@type\":\"PropertyValueSpecification\",\"valueRequired\":true,\"valueName\":\"search_term_string\"}}],\"inLanguage\":\"es\"}]}<\/script>\n<!-- \/ Yoast SEO plugin. -->","yoast_head_json":{"title":"Soldadura - Hastings Irrigation Pipe Co.","robots":{"index":"index","follow":"follow","max-snippet":"max-snippet:-1","max-image-preview":"max-image-preview:large","max-video-preview":"max-video-preview:-1"},"canonical":"https:\/\/www.hastingsirrigation.com\/es\/services-and-equipment\/welding\/","og_locale":"es_ES","og_type":"article","og_title":"Soldadura - Hastings Irrigation Pipe Co.","og_description":"NUESTRA EXPERIENCIA DE SOLDADURA ES S\u00d3LO OTRA RAZ\u00d3N POR LA CUAL USTED QUIERE ASOCIARSE CON HASTINGS IRRIGATION PIPE COMPANY.Tenemos capacidades en mig, tig, rob\u00f3tica y la soldadura por puntos. Estas capacidades de soldadura nos permiten fabricar piezas soldadas hechas de acero galvanizado, galvaneel, acero al carbono, aluminio y acero inoxidable.","og_url":"https:\/\/www.hastingsirrigation.com\/es\/services-and-equipment\/welding\/","og_site_name":"Hastings Irrigation Pipe Co.","article_modified_time":"2017-03-23T17:16:40+00:00","og_image":[{"url":"https:\/\/www.hastingsirrigation.com\/wp-content\/uploads\/DSC_8353-300x200.jpg","type":"","width":"","height":""}],"twitter_card":"summary_large_image","schema":{"@context":"https:\/\/schema.org","@graph":[{"@type":"WebPage","@id":"https:\/\/www.hastingsirrigation.com\/es\/services-and-equipment\/welding\/","url":"https:\/\/www.hastingsirrigation.com\/es\/services-and-equipment\/welding\/","name":"Soldadura - Hastings Irrigation Pipe Co.","isPartOf":{"@id":"https:\/\/www.hastingsirrigation.com\/#website"},"primaryImageOfPage":{"@id":"https:\/\/www.hastingsirrigation.com\/es\/services-and-equipment\/welding\/#primaryimage"},"image":{"@id":"https:\/\/www.hastingsirrigation.com\/es\/services-and-equipment\/welding\/#primaryimage"},"thumbnailUrl":"https:\/\/www.hastingsirrigation.com\/wp-content\/uploads\/DSC_8353-300x200.jpg","datePublished":"2017-01-25T17:02:17+00:00","dateModified":"2017-03-23T17:16:40+00:00","breadcrumb":{"@id":"https:\/\/www.hastingsirrigation.com\/es\/services-and-equipment\/welding\/#breadcrumb"},"inLanguage":"es","potentialAction":[{"@type":"ReadAction","target":["https:\/\/www.hastingsirrigation.com\/es\/services-and-equipment\/welding\/"]}]},{"@type":"ImageObject","inLanguage":"es","@id":"https:\/\/www.hastingsirrigation.com\/es\/services-and-equipment\/welding\/#primaryimage","url":"https:\/\/www.hastingsirrigation.com\/wp-content\/uploads\/DSC_8353-300x200.jpg","contentUrl":"https:\/\/www.hastingsirrigation.com\/wp-content\/uploads\/DSC_8353-300x200.jpg"},{"@type":"BreadcrumbList","@id":"https:\/\/www.hastingsirrigation.com\/es\/services-and-equipment\/welding\/#breadcrumb","itemListElement":[{"@type":"ListItem","position":1,"name":"Home","item":"https:\/\/www.hastingsirrigation.com\/es\/"},{"@type":"ListItem","position":2,"name":"Servicios y equipos","item":"https:\/\/www.hastingsirrigation.com\/es\/services-and-equipment\/"},{"@type":"ListItem","position":3,"name":"Soldadura"}]},{"@type":"WebSite","@id":"https:\/\/www.hastingsirrigation.com\/#website","url":"https:\/\/www.hastingsirrigation.com\/","name":"Hastings Irrigation Pipe Co.","description":"","potentialAction":[{"@type":"SearchAction","target":{"@type":"EntryPoint","urlTemplate":"https:\/\/www.hastingsirrigation.com\/?s={search_term_string}"},"query-input":{"@type":"PropertyValueSpecification","valueRequired":true,"valueName":"search_term_string"}}],"inLanguage":"es"}]}},"_links":{"self":[{"href":"https:\/\/www.hastingsirrigation.com\/es\/wp-json\/wp\/v2\/pages\/394","targetHints":{"allow":["GET"]}}],"collection":[{"href":"https:\/\/www.hastingsirrigation.com\/es\/wp-json\/wp\/v2\/pages"}],"about":[{"href":"https:\/\/www.hastingsirrigation.com\/es\/wp-json\/wp\/v2\/types\/page"}],"author":[{"embeddable":true,"href":"https:\/\/www.hastingsirrigation.com\/es\/wp-json\/wp\/v2\/users\/1"}],"replies":[{"embeddable":true,"href":"https:\/\/www.hastingsirrigation.com\/es\/wp-json\/wp\/v2\/comments?post=394"}],"version-history":[{"count":6,"href":"https:\/\/www.hastingsirrigation.com\/es\/wp-json\/wp\/v2\/pages\/394\/revisions"}],"predecessor-version":[{"id":545,"href":"https:\/\/www.hastingsirrigation.com\/es\/wp-json\/wp\/v2\/pages\/394\/revisions\/545"}],"up":[{"embeddable":true,"href":"https:\/\/www.hastingsirrigation.com\/es\/wp-json\/wp\/v2\/pages\/436"}],"wp:attachment":[{"href":"https:\/\/www.hastingsirrigation.com\/es\/wp-json\/wp\/v2\/media?parent=394"}],"curies":[{"name":"wp","href":"https:\/\/api.w.org\/{rel}","templated":true}]}}