{"id":390,"date":"2017-01-25T10:25:39","date_gmt":"2017-01-25T16:25:39","guid":{"rendered":"https:\/\/www.hastingsirrigation.com\/?page_id=390\/"},"modified":"2017-03-23T12:12:08","modified_gmt":"2017-03-23T17:12:08","slug":"dragline","status":"publish","type":"page","link":"https:\/\/www.hastingsirrigation.com\/es\/irrigation\/dragline\/","title":{"rendered":"Arrastre de l\u00ednea"},"content":{"rendered":"<h4 style=\"text-align: left;\">ARRASTRE DE L\u00cdNEA TUBO DE ALUMINIO<\/h4>\n<p class=\"p1\">Arrastre de l\u00ednea es s\u00f3lo uno de los varios tipos de sistemas lateral disponible de Hastings Irrigation Pipe Company. Los tubos pueden ser troquelados para prop\u00f3sitos de identificaci\u00f3n y nuestra certificaci\u00f3n ISO 9001 respalda nuestro compromiso con los m\u00e1s altos est\u00e1ndares de calidad en la industria. Con ambas soldadas y pulsados productos disponibles puede personalizar el tubo para sus necesidades espec\u00edficas.<br \/>\n<img loading=\"lazy\" decoding=\"async\" class=\"wp-image-267 aligncenter\" src=\"https:\/\/www.hastingsirrigation.com\/wp-content\/uploads\/Dragline-Coupler-300x258.jpg\" alt=\"Hastings Irrigation | Dragline | Nebraska\" width=\"215\" height=\"185\" srcset=\"https:\/\/www.hastingsirrigation.com\/wp-content\/uploads\/Dragline-Coupler-300x258.jpg 300w, https:\/\/www.hastingsirrigation.com\/wp-content\/uploads\/Dragline-Coupler-768x660.jpg 768w, https:\/\/www.hastingsirrigation.com\/wp-content\/uploads\/Dragline-Coupler-233x200.jpg 233w, https:\/\/www.hastingsirrigation.com\/wp-content\/uploads\/Dragline-Coupler.jpg 800w\" sizes=\"auto, (max-width: 215px) 100vw, 215px\" \/><\/p>\n","protected":false},"excerpt":{"rendered":"<p>ARRASTRE DE L\u00cdNEA TUBO DE ALUMINIO Arrastre de l\u00ednea es s\u00f3lo uno de los varios tipos de sistemas lateral disponible de Hastings Irrigation Pipe Company. Los tubos pueden ser troquelados para prop\u00f3sitos de identificaci\u00f3n y nuestra certificaci\u00f3n ISO 9001 respalda nuestro compromiso con los m\u00e1s altos est\u00e1ndares de calidad en la industria. Con ambas soldadas [&hellip;]<\/p>\n","protected":false},"author":1,"featured_media":0,"parent":438,"menu_order":18,"comment_status":"closed","ping_status":"closed","template":"","meta":{"_acf_changed":false,"footnotes":""},"class_list":["post-390","page","type-page","status-publish","hentry"],"acf":[],"yoast_head":"<!-- This site is optimized with the Yoast SEO plugin v25.0 - https:\/\/yoast.com\/wordpress\/plugins\/seo\/ -->\n<title>Arrastre de l\u00ednea - Hastings Irrigation Pipe Co.<\/title>\n<meta name=\"robots\" content=\"index, follow, max-snippet:-1, max-image-preview:large, max-video-preview:-1\" \/>\n<link rel=\"canonical\" href=\"https:\/\/www.hastingsirrigation.com\/es\/irrigation\/dragline\/\" \/>\n<meta property=\"og:locale\" content=\"es_ES\" \/>\n<meta property=\"og:type\" content=\"article\" \/>\n<meta property=\"og:title\" content=\"Arrastre de l\u00ednea - Hastings Irrigation Pipe Co.\" \/>\n<meta property=\"og:description\" content=\"ARRASTRE DE L\u00cdNEA TUBO DE ALUMINIO Arrastre de l\u00ednea es s\u00f3lo uno de los varios tipos de sistemas lateral disponible de Hastings Irrigation Pipe Company. Los tubos pueden ser troquelados para prop\u00f3sitos de identificaci\u00f3n y nuestra certificaci\u00f3n ISO 9001 respalda nuestro compromiso con los m\u00e1s altos est\u00e1ndares de calidad en la industria. Con ambas soldadas [&hellip;]\" \/>\n<meta property=\"og:url\" content=\"https:\/\/www.hastingsirrigation.com\/es\/irrigation\/dragline\/\" \/>\n<meta property=\"og:site_name\" content=\"Hastings Irrigation Pipe Co.\" \/>\n<meta property=\"article:modified_time\" content=\"2017-03-23T17:12:08+00:00\" \/>\n<meta property=\"og:image\" content=\"https:\/\/www.hastingsirrigation.com\/wp-content\/uploads\/Dragline-Coupler-300x258.jpg\" \/>\n<meta name=\"twitter:card\" content=\"summary_large_image\" \/>\n<script type=\"application\/ld+json\" class=\"yoast-schema-graph\">{\"@context\":\"https:\/\/schema.org\",\"@graph\":[{\"@type\":\"WebPage\",\"@id\":\"https:\/\/www.hastingsirrigation.com\/es\/irrigation\/dragline\/\",\"url\":\"https:\/\/www.hastingsirrigation.com\/es\/irrigation\/dragline\/\",\"name\":\"Arrastre de l\u00ednea - Hastings Irrigation Pipe Co.\",\"isPartOf\":{\"@id\":\"https:\/\/www.hastingsirrigation.com\/#website\"},\"primaryImageOfPage\":{\"@id\":\"https:\/\/www.hastingsirrigation.com\/es\/irrigation\/dragline\/#primaryimage\"},\"image\":{\"@id\":\"https:\/\/www.hastingsirrigation.com\/es\/irrigation\/dragline\/#primaryimage\"},\"thumbnailUrl\":\"https:\/\/www.hastingsirrigation.com\/wp-content\/uploads\/Dragline-Coupler-300x258.jpg\",\"datePublished\":\"2017-01-25T16:25:39+00:00\",\"dateModified\":\"2017-03-23T17:12:08+00:00\",\"breadcrumb\":{\"@id\":\"https:\/\/www.hastingsirrigation.com\/es\/irrigation\/dragline\/#breadcrumb\"},\"inLanguage\":\"es\",\"potentialAction\":[{\"@type\":\"ReadAction\",\"target\":[\"https:\/\/www.hastingsirrigation.com\/es\/irrigation\/dragline\/\"]}]},{\"@type\":\"ImageObject\",\"inLanguage\":\"es\",\"@id\":\"https:\/\/www.hastingsirrigation.com\/es\/irrigation\/dragline\/#primaryimage\",\"url\":\"https:\/\/www.hastingsirrigation.com\/wp-content\/uploads\/Dragline-Coupler-300x258.jpg\",\"contentUrl\":\"https:\/\/www.hastingsirrigation.com\/wp-content\/uploads\/Dragline-Coupler-300x258.jpg\"},{\"@type\":\"BreadcrumbList\",\"@id\":\"https:\/\/www.hastingsirrigation.com\/es\/irrigation\/dragline\/#breadcrumb\",\"itemListElement\":[{\"@type\":\"ListItem\",\"position\":1,\"name\":\"Home\",\"item\":\"https:\/\/www.hastingsirrigation.com\/es\/\"},{\"@type\":\"ListItem\",\"position\":2,\"name\":\"Riego\",\"item\":\"https:\/\/www.hastingsirrigation.com\/es\/irrigation\/dragline\/\"},{\"@type\":\"ListItem\",\"position\":3,\"name\":\"Arrastre de l\u00ednea\"}]},{\"@type\":\"WebSite\",\"@id\":\"https:\/\/www.hastingsirrigation.com\/#website\",\"url\":\"https:\/\/www.hastingsirrigation.com\/\",\"name\":\"Hastings Irrigation Pipe Co.\",\"description\":\"\",\"potentialAction\":[{\"@type\":\"SearchAction\",\"target\":{\"@type\":\"EntryPoint\",\"urlTemplate\":\"https:\/\/www.hastingsirrigation.com\/?s={search_term_string}\"},\"query-input\":{\"@type\":\"PropertyValueSpecification\",\"valueRequired\":true,\"valueName\":\"search_term_string\"}}],\"inLanguage\":\"es\"}]}<\/script>\n<!-- \/ Yoast SEO plugin. -->","yoast_head_json":{"title":"Arrastre de l\u00ednea - Hastings Irrigation Pipe Co.","robots":{"index":"index","follow":"follow","max-snippet":"max-snippet:-1","max-image-preview":"max-image-preview:large","max-video-preview":"max-video-preview:-1"},"canonical":"https:\/\/www.hastingsirrigation.com\/es\/irrigation\/dragline\/","og_locale":"es_ES","og_type":"article","og_title":"Arrastre de l\u00ednea - Hastings Irrigation Pipe Co.","og_description":"ARRASTRE DE L\u00cdNEA TUBO DE ALUMINIO Arrastre de l\u00ednea es s\u00f3lo uno de los varios tipos de sistemas lateral disponible de Hastings Irrigation Pipe Company. Los tubos pueden ser troquelados para prop\u00f3sitos de identificaci\u00f3n y nuestra certificaci\u00f3n ISO 9001 respalda nuestro compromiso con los m\u00e1s altos est\u00e1ndares de calidad en la industria. Con ambas soldadas [&hellip;]","og_url":"https:\/\/www.hastingsirrigation.com\/es\/irrigation\/dragline\/","og_site_name":"Hastings Irrigation Pipe Co.","article_modified_time":"2017-03-23T17:12:08+00:00","og_image":[{"url":"https:\/\/www.hastingsirrigation.com\/wp-content\/uploads\/Dragline-Coupler-300x258.jpg","type":"","width":"","height":""}],"twitter_card":"summary_large_image","schema":{"@context":"https:\/\/schema.org","@graph":[{"@type":"WebPage","@id":"https:\/\/www.hastingsirrigation.com\/es\/irrigation\/dragline\/","url":"https:\/\/www.hastingsirrigation.com\/es\/irrigation\/dragline\/","name":"Arrastre de l\u00ednea - Hastings Irrigation Pipe Co.","isPartOf":{"@id":"https:\/\/www.hastingsirrigation.com\/#website"},"primaryImageOfPage":{"@id":"https:\/\/www.hastingsirrigation.com\/es\/irrigation\/dragline\/#primaryimage"},"image":{"@id":"https:\/\/www.hastingsirrigation.com\/es\/irrigation\/dragline\/#primaryimage"},"thumbnailUrl":"https:\/\/www.hastingsirrigation.com\/wp-content\/uploads\/Dragline-Coupler-300x258.jpg","datePublished":"2017-01-25T16:25:39+00:00","dateModified":"2017-03-23T17:12:08+00:00","breadcrumb":{"@id":"https:\/\/www.hastingsirrigation.com\/es\/irrigation\/dragline\/#breadcrumb"},"inLanguage":"es","potentialAction":[{"@type":"ReadAction","target":["https:\/\/www.hastingsirrigation.com\/es\/irrigation\/dragline\/"]}]},{"@type":"ImageObject","inLanguage":"es","@id":"https:\/\/www.hastingsirrigation.com\/es\/irrigation\/dragline\/#primaryimage","url":"https:\/\/www.hastingsirrigation.com\/wp-content\/uploads\/Dragline-Coupler-300x258.jpg","contentUrl":"https:\/\/www.hastingsirrigation.com\/wp-content\/uploads\/Dragline-Coupler-300x258.jpg"},{"@type":"BreadcrumbList","@id":"https:\/\/www.hastingsirrigation.com\/es\/irrigation\/dragline\/#breadcrumb","itemListElement":[{"@type":"ListItem","position":1,"name":"Home","item":"https:\/\/www.hastingsirrigation.com\/es\/"},{"@type":"ListItem","position":2,"name":"Riego","item":"https:\/\/www.hastingsirrigation.com\/es\/irrigation\/dragline\/"},{"@type":"ListItem","position":3,"name":"Arrastre de l\u00ednea"}]},{"@type":"WebSite","@id":"https:\/\/www.hastingsirrigation.com\/#website","url":"https:\/\/www.hastingsirrigation.com\/","name":"Hastings Irrigation Pipe Co.","description":"","potentialAction":[{"@type":"SearchAction","target":{"@type":"EntryPoint","urlTemplate":"https:\/\/www.hastingsirrigation.com\/?s={search_term_string}"},"query-input":{"@type":"PropertyValueSpecification","valueRequired":true,"valueName":"search_term_string"}}],"inLanguage":"es"}]}},"_links":{"self":[{"href":"https:\/\/www.hastingsirrigation.com\/es\/wp-json\/wp\/v2\/pages\/390","targetHints":{"allow":["GET"]}}],"collection":[{"href":"https:\/\/www.hastingsirrigation.com\/es\/wp-json\/wp\/v2\/pages"}],"about":[{"href":"https:\/\/www.hastingsirrigation.com\/es\/wp-json\/wp\/v2\/types\/page"}],"author":[{"embeddable":true,"href":"https:\/\/www.hastingsirrigation.com\/es\/wp-json\/wp\/v2\/users\/1"}],"replies":[{"embeddable":true,"href":"https:\/\/www.hastingsirrigation.com\/es\/wp-json\/wp\/v2\/comments?post=390"}],"version-history":[{"count":3,"href":"https:\/\/www.hastingsirrigation.com\/es\/wp-json\/wp\/v2\/pages\/390\/revisions"}],"predecessor-version":[{"id":538,"href":"https:\/\/www.hastingsirrigation.com\/es\/wp-json\/wp\/v2\/pages\/390\/revisions\/538"}],"up":[{"embeddable":true,"href":"https:\/\/www.hastingsirrigation.com\/es\/wp-json\/wp\/v2\/pages\/438"}],"wp:attachment":[{"href":"https:\/\/www.hastingsirrigation.com\/es\/wp-json\/wp\/v2\/media?parent=390"}],"curies":[{"name":"wp","href":"https:\/\/api.w.org\/{rel}","templated":true}]}}